{"id":1585,"date":"2020-11-19T16:36:06","date_gmt":"2020-11-19T15:36:06","guid":{"rendered":"https:\/\/vinzroosso.com\/livraison-en-chanson\/"},"modified":"2023-09-12T18:07:54","modified_gmt":"2023-09-12T16:07:54","slug":"delivery-in-song","status":"publish","type":"page","link":"https:\/\/vinzroosso.com\/en\/delivery-in-song\/","title":{"rendered":"Delivery in song"},"content":{"rendered":"\n\n\t\t\t\t\t\t\t<img decoding=\"async\" src=\"https:\/\/vinzroosso.com\/app\/uploads\/2021\/03\/vinz-gift-white.svg\" alt=\"vinz-gift-white\" \/>\n\t\t<h1>Livraison en chanson<\/h1>\n\t<p>During the Covid-19 health crisis, when people could no longer get together, Vinz Roosso came up with other ways of continuing to celebrate life&#8217;s precious moments. That&#8217;s how the concept of delivery in song was born. Today, this service lasts and can be delivered in different forms.<\/p>\n\t<h4>Treat your family, friends and colleagues<\/h4>\n<p>This special package offers special attention for a client, colleague or other person you wish to please. Vinz Roosso will personally deliver a bouquet of flowers, a gourmet hamper, a care package or any other gift of your choice. Emotion guaranteed! You&#8217;ll receive a video souvenir of the delivery.<\/p>\n<h4>Partnership with local craftsmen<\/h4>\n<p>The gift items on offer come from local traders and craftsmen, with a view to supporting the local economy.<\/p>\n<p>There are so many occasions to bring a moment of happiness: birthday, retirement, wedding anniversary, exam success, birth, not forgetting official celebrations such as Christmas, Easter, Mother&#8217;s Day and Father&#8217;s Day&#8230;<\/p>\n<p>Whatever happens, we at Vinz Roosso Entertainment want to celebrate these precious moments!<\/p>\n\t\t\t\t<img loading=\"lazy\" decoding=\"async\" src=\"https:\/\/vinzroosso.com\/app\/uploads\/2020\/12\/w_day_inspiration_lavaux_david_zuber-71-scaled.jpeg\" alt=\"w_day_inspiration_lavaux_david_zuber-71\" itemprop=\"image\" height=\"2048\" width=\"1463\" title=\"w_day_inspiration_lavaux_david_zuber-71\" onerror=\"this.style.display='none'\"  \/>\n\t<h3>\n\t\t\t\tGourmet hampers\n\t\t\t<\/h3>\n\t<p>Delivery of a Gourmet Basket with local artisanal products and music. Each package includes a gourmet basket, delivery to music and a souvenir video.<\/p>\n\t\t\t<div class=\"fl-builder-content fl-builder-content-1270 fl-builder-template fl-builder-row-template fl-builder-global-templates-locked\" data-post-id=\"1270\"><div class=\"fl-row fl-row-full-width fl-row-bg-none fl-node-5fd8e393a5018 fl-row-default-height fl-row-align-center\" data-node=\"5fd8e393a5018\">\n\t<div class=\"fl-row-content-wrap\">\n\t\t<div class=\"uabb-row-separator uabb-top-row-separator\" >\n<\/div>\n\t\t\t\t\t\t<div class=\"fl-row-content fl-row-fixed-width fl-node-content\">\n\t\t\n<div class=\"fl-col-group fl-node-5fd8e393a500e\" data-node=\"5fd8e393a500e\">\n\t\t\t<div class=\"fl-col fl-node-5fd8e393a5015\" data-node=\"5fd8e393a5015\">\n\t<div class=\"fl-col-content fl-node-content\"><div class=\"fl-module fl-module-rich-text fl-node-5fd8e393a5017\" data-node=\"5fd8e393a5017\">\n\t<div class=\"fl-module-content fl-node-content\">\n\t\t<div class=\"fl-rich-text\">\n\t<h3>Livraison en chanson<\/h3>\n<p>Cette livraison en chanson vous int\u00e9resse? Laissez un message ci-dessous avec vos coordonn\u00e9es et nous prendrons contact avec vous le plus rapidement possible.<\/p>\n<\/div>\n\t<\/div>\n<\/div>\n<\/div>\n<\/div>\n\t<\/div>\n\t\t<\/div>\n\t<\/div>\n<\/div>\n<\/div><div class=\"uabb-js-breakpoint\" style=\"display: none;\"><\/div>\t\t\t\n\t\t<h5>Modal Popup &#8211; ID <\/h5>\n\t\tClick here to edit the &quot;Modal Popup&quot; settings. This text will not be visible on frontend.\t\n\t\t\t\t\t\t<a href=\"\" target=\"_self\" rel=\"noopener\">\n\t\t\t\t\t\t\t<img decoding=\"async\" src=\"https:\/\/vinzroosso.com\/app\/uploads\/2020\/12\/ProduitsPanier-sensation.jpg\" alt=\"ProduitsPanier sensation\" \/>\n\t\t\t\t\t\t<\/a>\n\t\t<h4>Panier Sensation CHF 250<\/h4>\n\t\t\t<ul><li>un savon et parfum de voiture<\/li><li>un sirop 50cl<\/li><li>une bouteille 75cl de Chasselas<\/li><li>une tapenade de champignons<\/li><li>une tartinade de l\u00e9gume r\u00f4tie 100gr<\/li><\/ul>\t\t\n\t\t\t\t<a href=\"\" role=\"button\" target=\"_self\" rel=\"noopener\">\n\t\t\t\t\t\t\t\t\t\tCa m&#8217;int\u00e9resse\t\t\t\t\t\t\t\t\t<\/a>\n\t<h3>\n\t\t\t\tLivraison de Fleurs\n\t\t\t<\/h3>\n\t<p>Des fleurs livr\u00e9es en Musique. Une attention pour Elle, pour Lui et pour la Famille. Chaque forfait inclut le bouquet de fleur, la livraison en musique et la vid\u00e9o souvenir.Flowers delivered with music. For Her, for Him and for the Family. Each package includes a bouquet of flowers, delivery to music and a souvenir video.<\/p>\n\t\t\t\t\t\t<a href=\"\" target=\"_self\" rel=\"noopener\">\n\t\t\t\t\t\t\t<img decoding=\"async\" src=\"https:\/\/vinzroosso.com\/app\/uploads\/2020\/12\/fleur1.jpg\" alt=\"fleur1\" \/>\n\t\t\t\t\t\t<\/a>\n\t\t<h4>Forfait 1 CHF 250<\/h4>\n\t\t\t<ul><li>bouquet d&#8217;une valeur de CHF 50<\/li><li>couleur \u00e0 choix<\/li><li>vid\u00e9o souvenir<\/li><li>Livr\u00e9 en chanson<\/li><\/ul><p>\u00a0<\/p>\t\t\n\t\t\t\t<a href=\"\" role=\"button\" target=\"_self\" rel=\"noopener\">\n\t\t\t\t\t\t\t\t\t\tCa m&#8217;int\u00e9resse\t\t\t\t\t\t\t\t\t<\/a>\n\t\t\t\t\t\t<a href=\"\" target=\"_self\" rel=\"noopener\">\n\t\t\t\t\t\t\t<img decoding=\"async\" src=\"https:\/\/vinzroosso.com\/app\/uploads\/2020\/12\/fleur2.jpg\" alt=\"fleur2\" \/>\n\t\t\t\t\t\t<\/a>\n\t\t<h4>Forfait 2 CHF 500<\/h4>\n\t\t\t<ul><li>bouquet d&#8217;une valeur de CHF 50<\/li><li>couleur \u00e0 choix<\/li><li>vid\u00e9o souvenir<\/li><li>Livr\u00e9 en chanson &#8211; Duo<\/li><li>Chanteur-Guitariste et Violoniste<\/li><\/ul>\t\t\n\t\t\t\t<a href=\"\" role=\"button\" target=\"_self\" rel=\"noopener\">\n\t\t\t\t\t\t\t\t\t\tCa m&#8217;int\u00e9resse\t\t\t\t\t\t\t\t\t<\/a>\n\t<h3>\n\t\t\t\tVodka 3G &#8211; Made in Suisse\n\t\t\t<\/h3>\n\t<p>3G-Vodka\u00ae is the result of a traditional Swiss production process that incorporates a very high quality process. It is the meeting of powerful ancestral aphrodisiac roots and a multi-grain blend.<\/p>\n\tThe world&#8217;s greatest vodka tasters give it the power to charm and stand out from the crowd.<br \/>\nProduced from the 5 best quality cereals and the 3 most famous aphrodisiac roots.\n<p>G1 GINSENG &#8211; G2 GINGER &#8211; G3 GALANGA<\/p>\n\t\t\t\t\t\t<a href=\"\" target=\"_self\" rel=\"noopener\">\n\t\t\t\t\t\t\t<img decoding=\"async\" src=\"https:\/\/vinzroosso.com\/app\/uploads\/2021\/11\/VODKA-3G.jpg\" alt=\"VODKA 3G\" \/>\n\t\t\t\t\t\t<\/a>\n\t\t<h4>Forfait 3G Vodka &#8211; CHF 350<\/h4>\n\t\t\t<ul><li>3G-Vodka 700ml &#8211; 45%vol<\/li><li>Vid\u00e9o souvenir de la livraison<\/li><\/ul>\t\t\n\t\t\t\t<a href=\"\" role=\"button\" target=\"_self\" rel=\"noopener\">\n\t\t\t\t\t\t\t\t\t\tCa m&#8217;int\u00e9resse\t\t\t\t\t\t\t\t\t<\/a>\n\t<h3>\n\t\t\t\tWell-being boxes\n\t\t\t<\/h3>\n\t<p>Well-being gift boxes delivered with music. For Her, for Him and for the whole Family. Each package includes the box, delivery with music and a souvenir video.<\/p>\n\t\t\t\t\t\t<a href=\"\" target=\"_self\" rel=\"noopener\">\n\t\t\t\t\t\t\t<img decoding=\"async\" src=\"https:\/\/vinzroosso.com\/app\/uploads\/2020\/12\/Coffret-Lovingly.jpg\" alt=\"Coffret-Lovingly\" \/>\n\t\t\t\t\t\t<\/a>\n\t\t<h4>Coffret Lovingly CHF 250<\/h4>\n\t\t\t<ul><li>Eau de parfum 50ml<\/li><li>lotion pour le corp 200ml<\/li><li>edition Bruce Willis pour Elle<\/li><\/ul>\t\t\n\t\t\t\t<a href=\"\" role=\"button\" target=\"_self\" rel=\"noopener\">\n\t\t\t\t\t\t\t\t\t\tCa m&#8217;int\u00e9resse\t\t\t\t\t\t\t\t\t<\/a>\n\t\t\t\t\t\t<a href=\"\" target=\"_self\" rel=\"noopener\">\n\t\t\t\t\t\t\t<img decoding=\"async\" src=\"https:\/\/vinzroosso.com\/app\/uploads\/2020\/12\/coffret-Bruce-Willis.jpg\" alt=\"coffret-Bruce-Willis\" \/>\n\t\t\t\t\t\t<\/a>\n\t\t<h4>Coffret Bruce Willis CHF 250<\/h4>\n\t\t\t<ul><li>Eau de parfum 50ml<\/li><li>Shampoing cheveux et corps 200ml<\/li><li>edition Bruce Willis pour Lui<\/li><\/ul>\t\t\n\t\t\t\t<a href=\"\" role=\"button\" target=\"_self\" rel=\"noopener\">\n\t\t\t\t\t\t\t\t\t\tCa m&#8217;int\u00e9resse\t\t\t\t\t\t\t\t\t<\/a>\n\t\t\t\t\t\t<a href=\"\" target=\"_self\" rel=\"noopener\">\n\t\t\t\t\t\t\t<img decoding=\"async\" src=\"https:\/\/vinzroosso.com\/app\/uploads\/2020\/12\/coffret-soin-Aloe.jpg\" alt=\"coffret-soin-Alo\u00e9\" \/>\n\t\t\t\t\t\t<\/a>\n\t\t<h4>Set Aloe Vera Visage CHF 300<\/h4>\n\t\t\t<ul><li>s\u00e9rum hydratant 24h<\/li><li>cr\u00e8me de jour extra-riche<\/li><li>cr\u00e8me de nuit r\u00e9g\u00e9n\u00e9rante<\/li><\/ul>\t\t\n\t\t\t\t<a href=\"\" role=\"button\" target=\"_self\" rel=\"noopener\">\n\t\t\t\t\t\t\t\t\t\tCa m&#8217;int\u00e9resse\t\t\t\t\t\t\t\t\t<\/a>\n\t\t\t\t\t\t<a href=\"\" target=\"_self\" rel=\"noopener\">\n\t\t\t\t\t\t\t<img decoding=\"async\" src=\"https:\/\/vinzroosso.com\/app\/uploads\/2020\/12\/care-box-1.jpg\" alt=\"care-box-1\" \/>\n\t\t\t\t\t\t<\/a>\n\t\t<h4>Aloe Vera Care Box CHF 250<\/h4>\n\t\t\t<ul><li>spray d&#8217;urgence \u00e0 l&#8217;aloe vera<\/li><li>gel concentr\u00e9 hydratant \u00e0 l&#8217;aloe vera<\/li><li>cr\u00e8me protectrice au propolis \u00e0 l&#8217;aloe<\/li><\/ul>\t\t\n\t\t\t\t<a href=\"\" role=\"button\" target=\"_self\" rel=\"noopener\">\n\t\t\t\t\t\t\t\t\t\tCa m&#8217;int\u00e9resse\t\t\t\t\t\t\t\t\t<\/a>\n\t<h3>\n\t\t\t\tA Fondue with a difference\n\t\t\t<\/h3>\n\t<p>A Fondue with a difference, delivered straight to your door to the sound of music. For a romantic dinner, a meal with friends, family or colleagues. Each package includes musical delivery and a souvenir video.<\/p>\n\t\t\t\t\t\t<a href=\"\" target=\"_self\" rel=\"noopener\">\n\t\t\t\t\t\t\t<img decoding=\"async\" src=\"https:\/\/vinzroosso.com\/app\/uploads\/2020\/12\/fondue-differente.jpg\" alt=\"fondue diff\u00e9rente\" \/>\n\t\t\t\t\t\t<\/a>\n\t\t<h4>Forfait 2 &#8211; CHF 350<\/h4>\n\t\t\t<ul><li>Pour 2 personnes<\/li><li>500g d&#8217;Onglet de boeuf marin\u00e9<\/li><li>3 sauces maison et salade du chef<\/li><li>Une bt. de vin &#8211; Cave de la C\u00f4te<\/li><\/ul>\t\t\n\t\t\t\t<a href=\"\" role=\"button\" target=\"_self\" rel=\"noopener\">\n\t\t\t\t\t\t\t\t\t\tCa m&#8217;int\u00e9resse\t\t\t\t\t\t\t\t\t<\/a>\n\t\t\t\t\t\t<a href=\"\" target=\"_self\" rel=\"noopener\">\n\t\t\t\t\t\t\t<img decoding=\"async\" src=\"https:\/\/vinzroosso.com\/app\/uploads\/2020\/12\/fondue-differente.jpg\" alt=\"fondue diff\u00e9rente\" \/>\n\t\t\t\t\t\t<\/a>\n\t\t<h4>Forfait  4 &#8211; CHF 500<\/h4>\n\t\t\t<ul><li>Pour 4 personnes<\/li><li>1kg d&#8217;Onglet de boeuf marin\u00e9<\/li><li>3 sauces maison et salade du chef<\/li><li>Une bt. de vin &#8211; Cave de la C\u00f4te<\/li><\/ul>\t\t\n\t\t\t\t<a href=\"\" role=\"button\" target=\"_self\" rel=\"noopener\">\n\t\t\t\t\t\t\t\t\t\tCa m&#8217;int\u00e9resse\t\t\t\t\t\t\t\t\t<\/a>\n\n","protected":false},"excerpt":{"rendered":"<p>Livraison en chanson During the Covid-19 health crisis, when people could no longer get together, Vinz Roosso came up with other ways of continuing to celebrate life&#8217;s precious moments. That&#8217;s how the concept of delivery in song was born. Today, this service lasts and can be delivered in different forms. Treat your family, friends and &hellip;<\/p>\n<p class=\"read-more\"> <a class=\"\" href=\"https:\/\/vinzroosso.com\/en\/delivery-in-song\/\"> <span class=\"screen-reader-text\">Delivery in song<\/span> Read More &raquo;<\/a><\/p>\n","protected":false},"author":1,"featured_media":1293,"parent":0,"menu_order":0,"comment_status":"closed","ping_status":"closed","template":"","meta":{"_acf_changed":false,"inline_featured_image":false,"site-sidebar-layout":"no-sidebar","site-content-layout":"page-builder","ast-site-content-layout":"full-width-container","site-content-style":"unboxed","site-sidebar-style":"unboxed","ast-global-header-display":"","ast-banner-title-visibility":"","ast-main-header-display":"","ast-hfb-above-header-display":"","ast-hfb-below-header-display":"","ast-hfb-mobile-header-display":"","site-post-title":"disabled","ast-breadcrumbs-content":"","ast-featured-img":"disabled","footer-sml-layout":"","theme-transparent-header-meta":"enabled","adv-header-id-meta":"","stick-header-meta":"default","header-above-stick-meta":"","header-main-stick-meta":"","header-below-stick-meta":"","astra-migrate-meta-layouts":"set","ast-page-background-enabled":"default","ast-page-background-meta":{"desktop":{"background-color":"","background-image":"","background-repeat":"repeat","background-position":"center center","background-size":"auto","background-attachment":"scroll","background-type":"","background-media":"","overlay-type":"","overlay-color":"","overlay-gradient":""},"tablet":{"background-color":"","background-image":"","background-repeat":"repeat","background-position":"center center","background-size":"auto","background-attachment":"scroll","background-type":"","background-media":"","overlay-type":"","overlay-color":"","overlay-gradient":""},"mobile":{"background-color":"","background-image":"","background-repeat":"repeat","background-position":"center center","background-size":"auto","background-attachment":"scroll","background-type":"","background-media":"","overlay-type":"","overlay-color":"","overlay-gradient":""}},"ast-content-background-meta":{"desktop":{"background-color":"var(--ast-global-color-5)","background-image":"","background-repeat":"repeat","background-position":"center center","background-size":"auto","background-attachment":"scroll","background-type":"","background-media":"","overlay-type":"","overlay-color":"","overlay-gradient":""},"tablet":{"background-color":"var(--ast-global-color-5)","background-image":"","background-repeat":"repeat","background-position":"center center","background-size":"auto","background-attachment":"scroll","background-type":"","background-media":"","overlay-type":"","overlay-color":"","overlay-gradient":""},"mobile":{"background-color":"var(--ast-global-color-5)","background-image":"","background-repeat":"repeat","background-position":"center center","background-size":"auto","background-attachment":"scroll","background-type":"","background-media":"","overlay-type":"","overlay-color":"","overlay-gradient":""}},"footnotes":""},"class_list":["post-1585","page","type-page","status-publish","has-post-thumbnail","hentry"],"acf":[],"yoast_head":"<!-- This site is optimized with the Yoast SEO plugin v27.1.1 - https:\/\/yoast.com\/product\/yoast-seo-wordpress\/ -->\n<title>Delivery in song - Vinz Roosso votre agence artistique et \u00e9v\u00e9nementielle<\/title>\n<meta name=\"description\" content=\"This special package offers special attention for a client, colleague or other person you wish to please\" \/>\n<meta name=\"robots\" content=\"index, follow, max-snippet:-1, max-image-preview:large, max-video-preview:-1\" \/>\n<link rel=\"canonical\" href=\"https:\/\/vinzroosso.com\/en\/delivery-in-song\/\" \/>\n<meta property=\"og:locale\" content=\"en_US\" \/>\n<meta property=\"og:type\" content=\"article\" \/>\n<meta property=\"og:title\" content=\"Delivery in song - Vinz Roosso votre agence artistique et \u00e9v\u00e9nementielle\" \/>\n<meta property=\"og:description\" content=\"This special package offers special attention for a client, colleague or other person you wish to please\" \/>\n<meta property=\"og:url\" content=\"https:\/\/vinzroosso.com\/en\/delivery-in-song\/\" \/>\n<meta property=\"og:site_name\" content=\"Vinz Roosso votre agence artistique et \u00e9v\u00e9nementielle\" \/>\n<meta property=\"article:publisher\" content=\"https:\/\/www.facebook.com\/vinzroosso\/\" \/>\n<meta property=\"article:modified_time\" content=\"2023-09-12T16:07:54+00:00\" \/>\n<meta property=\"og:image\" content=\"https:\/\/vinzroosso.com\/app\/uploads\/2020\/12\/w_day_inspiration_lavaux_david_zuber-91.jpeg\" \/>\n\t<meta property=\"og:image:width\" content=\"2048\" \/>\n\t<meta property=\"og:image:height\" content=\"1463\" \/>\n\t<meta property=\"og:image:type\" content=\"image\/jpeg\" \/>\n<meta name=\"twitter:card\" content=\"summary_large_image\" \/>\n<meta name=\"twitter:site\" content=\"@Vinz_Roosso\" \/>\n<meta name=\"twitter:label1\" content=\"Est. reading time\" \/>\n\t<meta name=\"twitter:data1\" content=\"6 minutes\" \/>\n<script type=\"application\/ld+json\" class=\"yoast-schema-graph\">{\"@context\":\"https:\/\/schema.org\",\"@graph\":[{\"@type\":\"WebPage\",\"@id\":\"https:\/\/vinzroosso.com\/en\/delivery-in-song\/\",\"url\":\"https:\/\/vinzroosso.com\/en\/delivery-in-song\/\",\"name\":\"Delivery in song - Vinz Roosso votre agence artistique et \u00e9v\u00e9nementielle\",\"isPartOf\":{\"@id\":\"https:\/\/vinzroosso.com\/en\/#website\"},\"primaryImageOfPage\":{\"@id\":\"https:\/\/vinzroosso.com\/en\/delivery-in-song\/#primaryimage\"},\"image\":{\"@id\":\"https:\/\/vinzroosso.com\/en\/delivery-in-song\/#primaryimage\"},\"thumbnailUrl\":\"https:\/\/vinzroosso.com\/app\/uploads\/2020\/12\/w_day_inspiration_lavaux_david_zuber-91.jpeg\",\"datePublished\":\"2020-11-19T15:36:06+00:00\",\"dateModified\":\"2023-09-12T16:07:54+00:00\",\"description\":\"This special package offers special attention for a client, colleague or other person you wish to please\",\"breadcrumb\":{\"@id\":\"https:\/\/vinzroosso.com\/en\/delivery-in-song\/#breadcrumb\"},\"inLanguage\":\"en-US\",\"potentialAction\":[{\"@type\":\"ReadAction\",\"target\":[\"https:\/\/vinzroosso.com\/en\/delivery-in-song\/\"]}]},{\"@type\":\"ImageObject\",\"inLanguage\":\"en-US\",\"@id\":\"https:\/\/vinzroosso.com\/en\/delivery-in-song\/#primaryimage\",\"url\":\"https:\/\/vinzroosso.com\/app\/uploads\/2020\/12\/w_day_inspiration_lavaux_david_zuber-91.jpeg\",\"contentUrl\":\"https:\/\/vinzroosso.com\/app\/uploads\/2020\/12\/w_day_inspiration_lavaux_david_zuber-91.jpeg\",\"width\":2048,\"height\":1463},{\"@type\":\"BreadcrumbList\",\"@id\":\"https:\/\/vinzroosso.com\/en\/delivery-in-song\/#breadcrumb\",\"itemListElement\":[{\"@type\":\"ListItem\",\"position\":1,\"name\":\"Accueil\",\"item\":\"https:\/\/vinzroosso.com\/en\/\"},{\"@type\":\"ListItem\",\"position\":2,\"name\":\"Delivery in song\"}]},{\"@type\":\"WebSite\",\"@id\":\"https:\/\/vinzroosso.com\/en\/#website\",\"url\":\"https:\/\/vinzroosso.com\/en\/\",\"name\":\"Vinz Roosso votre partenaire artistique & \u00e9v\u00e9nementiel\",\"description\":\"Precious moments to celebrate\",\"publisher\":{\"@id\":\"https:\/\/vinzroosso.com\/en\/#organization\"},\"potentialAction\":[{\"@type\":\"SearchAction\",\"target\":{\"@type\":\"EntryPoint\",\"urlTemplate\":\"https:\/\/vinzroosso.com\/en\/?s={search_term_string}\"},\"query-input\":{\"@type\":\"PropertyValueSpecification\",\"valueRequired\":true,\"valueName\":\"search_term_string\"}}],\"inLanguage\":\"en-US\"},{\"@type\":\"Organization\",\"@id\":\"https:\/\/vinzroosso.com\/en\/#organization\",\"name\":\"Vinz Roosso votre partenaire artistique & \u00e9v\u00e9nementiel\",\"url\":\"https:\/\/vinzroosso.com\/en\/\",\"logo\":{\"@type\":\"ImageObject\",\"inLanguage\":\"en-US\",\"@id\":\"https:\/\/vinzroosso.com\/en\/#\/schema\/logo\/image\/\",\"url\":\"https:\/\/vinzroosso.com\/app\/uploads\/2023\/09\/Logo-V_ROOSSO_or_naked.svg\",\"contentUrl\":\"https:\/\/vinzroosso.com\/app\/uploads\/2023\/09\/Logo-V_ROOSSO_or_naked.svg\",\"caption\":\"Vinz Roosso votre partenaire artistique & \u00e9v\u00e9nementiel\"},\"image\":{\"@id\":\"https:\/\/vinzroosso.com\/en\/#\/schema\/logo\/image\/\"},\"sameAs\":[\"https:\/\/www.facebook.com\/vinzroosso\/\",\"https:\/\/x.com\/Vinz_Roosso\",\"https:\/\/www.tiktok.com\/@vinzroosso\",\"https:\/\/www.instagram.com\/vinzroosso\/\",\"https:\/\/www.linkedin.com\/in\/vinz-roosso-18554215?trk=hp-identity-name\"]}]}<\/script>\n<!-- \/ Yoast SEO plugin. -->","yoast_head_json":{"title":"Delivery in song - Vinz Roosso votre agence artistique et \u00e9v\u00e9nementielle","description":"This special package offers special attention for a client, colleague or other person you wish to please","robots":{"index":"index","follow":"follow","max-snippet":"max-snippet:-1","max-image-preview":"max-image-preview:large","max-video-preview":"max-video-preview:-1"},"canonical":"https:\/\/vinzroosso.com\/en\/delivery-in-song\/","og_locale":"en_US","og_type":"article","og_title":"Delivery in song - Vinz Roosso votre agence artistique et \u00e9v\u00e9nementielle","og_description":"This special package offers special attention for a client, colleague or other person you wish to please","og_url":"https:\/\/vinzroosso.com\/en\/delivery-in-song\/","og_site_name":"Vinz Roosso votre agence artistique et \u00e9v\u00e9nementielle","article_publisher":"https:\/\/www.facebook.com\/vinzroosso\/","article_modified_time":"2023-09-12T16:07:54+00:00","og_image":[{"width":2048,"height":1463,"url":"https:\/\/vinzroosso.com\/app\/uploads\/2020\/12\/w_day_inspiration_lavaux_david_zuber-91.jpeg","type":"image\/jpeg"}],"twitter_card":"summary_large_image","twitter_site":"@Vinz_Roosso","twitter_misc":{"Est. reading time":"6 minutes"},"schema":{"@context":"https:\/\/schema.org","@graph":[{"@type":"WebPage","@id":"https:\/\/vinzroosso.com\/en\/delivery-in-song\/","url":"https:\/\/vinzroosso.com\/en\/delivery-in-song\/","name":"Delivery in song - Vinz Roosso votre agence artistique et \u00e9v\u00e9nementielle","isPartOf":{"@id":"https:\/\/vinzroosso.com\/en\/#website"},"primaryImageOfPage":{"@id":"https:\/\/vinzroosso.com\/en\/delivery-in-song\/#primaryimage"},"image":{"@id":"https:\/\/vinzroosso.com\/en\/delivery-in-song\/#primaryimage"},"thumbnailUrl":"https:\/\/vinzroosso.com\/app\/uploads\/2020\/12\/w_day_inspiration_lavaux_david_zuber-91.jpeg","datePublished":"2020-11-19T15:36:06+00:00","dateModified":"2023-09-12T16:07:54+00:00","description":"This special package offers special attention for a client, colleague or other person you wish to please","breadcrumb":{"@id":"https:\/\/vinzroosso.com\/en\/delivery-in-song\/#breadcrumb"},"inLanguage":"en-US","potentialAction":[{"@type":"ReadAction","target":["https:\/\/vinzroosso.com\/en\/delivery-in-song\/"]}]},{"@type":"ImageObject","inLanguage":"en-US","@id":"https:\/\/vinzroosso.com\/en\/delivery-in-song\/#primaryimage","url":"https:\/\/vinzroosso.com\/app\/uploads\/2020\/12\/w_day_inspiration_lavaux_david_zuber-91.jpeg","contentUrl":"https:\/\/vinzroosso.com\/app\/uploads\/2020\/12\/w_day_inspiration_lavaux_david_zuber-91.jpeg","width":2048,"height":1463},{"@type":"BreadcrumbList","@id":"https:\/\/vinzroosso.com\/en\/delivery-in-song\/#breadcrumb","itemListElement":[{"@type":"ListItem","position":1,"name":"Accueil","item":"https:\/\/vinzroosso.com\/en\/"},{"@type":"ListItem","position":2,"name":"Delivery in song"}]},{"@type":"WebSite","@id":"https:\/\/vinzroosso.com\/en\/#website","url":"https:\/\/vinzroosso.com\/en\/","name":"Vinz Roosso votre partenaire artistique & \u00e9v\u00e9nementiel","description":"Precious moments to celebrate","publisher":{"@id":"https:\/\/vinzroosso.com\/en\/#organization"},"potentialAction":[{"@type":"SearchAction","target":{"@type":"EntryPoint","urlTemplate":"https:\/\/vinzroosso.com\/en\/?s={search_term_string}"},"query-input":{"@type":"PropertyValueSpecification","valueRequired":true,"valueName":"search_term_string"}}],"inLanguage":"en-US"},{"@type":"Organization","@id":"https:\/\/vinzroosso.com\/en\/#organization","name":"Vinz Roosso votre partenaire artistique & \u00e9v\u00e9nementiel","url":"https:\/\/vinzroosso.com\/en\/","logo":{"@type":"ImageObject","inLanguage":"en-US","@id":"https:\/\/vinzroosso.com\/en\/#\/schema\/logo\/image\/","url":"https:\/\/vinzroosso.com\/app\/uploads\/2023\/09\/Logo-V_ROOSSO_or_naked.svg","contentUrl":"https:\/\/vinzroosso.com\/app\/uploads\/2023\/09\/Logo-V_ROOSSO_or_naked.svg","caption":"Vinz Roosso votre partenaire artistique & \u00e9v\u00e9nementiel"},"image":{"@id":"https:\/\/vinzroosso.com\/en\/#\/schema\/logo\/image\/"},"sameAs":["https:\/\/www.facebook.com\/vinzroosso\/","https:\/\/x.com\/Vinz_Roosso","https:\/\/www.tiktok.com\/@vinzroosso","https:\/\/www.instagram.com\/vinzroosso\/","https:\/\/www.linkedin.com\/in\/vinz-roosso-18554215?trk=hp-identity-name"]}]}},"jetpack_sharing_enabled":true,"_links":{"self":[{"href":"https:\/\/vinzroosso.com\/en\/wp-json\/wp\/v2\/pages\/1585","targetHints":{"allow":["GET"]}}],"collection":[{"href":"https:\/\/vinzroosso.com\/en\/wp-json\/wp\/v2\/pages"}],"about":[{"href":"https:\/\/vinzroosso.com\/en\/wp-json\/wp\/v2\/types\/page"}],"author":[{"embeddable":true,"href":"https:\/\/vinzroosso.com\/en\/wp-json\/wp\/v2\/users\/1"}],"replies":[{"embeddable":true,"href":"https:\/\/vinzroosso.com\/en\/wp-json\/wp\/v2\/comments?post=1585"}],"version-history":[{"count":7,"href":"https:\/\/vinzroosso.com\/en\/wp-json\/wp\/v2\/pages\/1585\/revisions"}],"predecessor-version":[{"id":2344,"href":"https:\/\/vinzroosso.com\/en\/wp-json\/wp\/v2\/pages\/1585\/revisions\/2344"}],"wp:featuredmedia":[{"embeddable":true,"href":"https:\/\/vinzroosso.com\/en\/wp-json\/wp\/v2\/media\/1293"}],"wp:attachment":[{"href":"https:\/\/vinzroosso.com\/en\/wp-json\/wp\/v2\/media?parent=1585"}],"curies":[{"name":"wp","href":"https:\/\/api.w.org\/{rel}","templated":true}]}}