{"id":1059,"date":"2018-07-20T10:20:42","date_gmt":"2018-07-20T10:20:42","guid":{"rendered":"https:\/\/viz.app\/actualites\/"},"modified":"2025-01-14T08:33:30","modified_gmt":"2025-01-14T07:33:30","slug":"news","status":"publish","type":"page","link":"https:\/\/vinzroosso.com\/en\/news\/","title":{"rendered":"News"},"content":{"rendered":"\n\n\t\n\t<p>Here is an overview of our latest services and our news on social networks.<\/p>\n<h4>\n\t\tFrom Facebook\n\t<\/h4>\n\t\t<blockquote cite=\"https:\/\/www.facebook.com\/vinzroosso\/\"><a href=\"https:\/\/www.facebook.com\/vinzroosso\/\"><\/a><\/blockquote>\n\n","protected":false},"excerpt":{"rendered":"<p>Here is an overview of our latest services and our news on social networks. From Facebook<\/p>\n","protected":false},"author":1,"featured_media":0,"parent":0,"menu_order":0,"comment_status":"closed","ping_status":"closed","template":"","meta":{"_acf_changed":false,"inline_featured_image":false,"site-sidebar-layout":"no-sidebar","site-content-layout":"page-builder","ast-site-content-layout":"","site-content-style":"default","site-sidebar-style":"default","ast-global-header-display":"","ast-banner-title-visibility":"","ast-main-header-display":"","ast-hfb-above-header-display":"","ast-hfb-below-header-display":"","ast-hfb-mobile-header-display":"","site-post-title":"disabled","ast-breadcrumbs-content":"","ast-featured-img":"disabled","footer-sml-layout":"","theme-transparent-header-meta":"enabled","adv-header-id-meta":"","stick-header-meta":"default","header-above-stick-meta":"","header-main-stick-meta":"","header-below-stick-meta":"","astra-migrate-meta-layouts":"","ast-page-background-enabled":"default","ast-page-background-meta":{"desktop":{"background-color":"","background-image":"","background-repeat":"repeat","background-position":"center center","background-size":"auto","background-attachment":"scroll","background-type":"","background-media":"","overlay-type":"","overlay-color":"","overlay-gradient":""},"tablet":{"background-color":"","background-image":"","background-repeat":"repeat","background-position":"center center","background-size":"auto","background-attachment":"scroll","background-type":"","background-media":"","overlay-type":"","overlay-color":"","overlay-gradient":""},"mobile":{"background-color":"","background-image":"","background-repeat":"repeat","background-position":"center center","background-size":"auto","background-attachment":"scroll","background-type":"","background-media":"","overlay-type":"","overlay-color":"","overlay-gradient":""}},"ast-content-background-meta":{"desktop":{"background-color":"var(--ast-global-color-5)","background-image":"","background-repeat":"repeat","background-position":"center center","background-size":"auto","background-attachment":"scroll","background-type":"","background-media":"","overlay-type":"","overlay-color":"","overlay-gradient":""},"tablet":{"background-color":"var(--ast-global-color-5)","background-image":"","background-repeat":"repeat","background-position":"center center","background-size":"auto","background-attachment":"scroll","background-type":"","background-media":"","overlay-type":"","overlay-color":"","overlay-gradient":""},"mobile":{"background-color":"var(--ast-global-color-5)","background-image":"","background-repeat":"repeat","background-position":"center center","background-size":"auto","background-attachment":"scroll","background-type":"","background-media":"","overlay-type":"","overlay-color":"","overlay-gradient":""}},"footnotes":""},"class_list":["post-1059","page","type-page","status-publish","hentry"],"acf":[],"yoast_head":"<!-- This site is optimized with the Yoast SEO plugin v27.1.1 - https:\/\/yoast.com\/product\/yoast-seo-wordpress\/ -->\n<title>News - Vinz Roosso votre agence artistique et \u00e9v\u00e9nementielle<\/title>\n<meta name=\"description\" content=\"S\u00e9lection de nos derni\u00e8res prestations d&#039;animation, de DJ ou d&#039;organisations compl\u00e8tes d&#039;\u00e9v\u00e9nements. Venez trouver de l&#039;inspiration pour vos soir\u00e9es.\" \/>\n<meta name=\"robots\" content=\"index, follow, max-snippet:-1, max-image-preview:large, max-video-preview:-1\" \/>\n<link rel=\"canonical\" href=\"https:\/\/vinzroosso.com\/en\/news\/\" \/>\n<meta property=\"og:locale\" content=\"en_US\" \/>\n<meta property=\"og:type\" content=\"article\" \/>\n<meta property=\"og:title\" content=\"News - Vinz Roosso votre agence artistique et \u00e9v\u00e9nementielle\" \/>\n<meta property=\"og:description\" content=\"S\u00e9lection de nos derni\u00e8res prestations d&#039;animation, de DJ ou d&#039;organisations compl\u00e8tes d&#039;\u00e9v\u00e9nements. Venez trouver de l&#039;inspiration pour vos soir\u00e9es.\" \/>\n<meta property=\"og:url\" content=\"https:\/\/vinzroosso.com\/en\/news\/\" \/>\n<meta property=\"og:site_name\" content=\"Vinz Roosso votre agence artistique et \u00e9v\u00e9nementielle\" \/>\n<meta property=\"article:publisher\" content=\"https:\/\/www.facebook.com\/vinzroosso\/\" \/>\n<meta property=\"article:modified_time\" content=\"2025-01-14T07:33:30+00:00\" \/>\n<meta property=\"og:image\" content=\"https:\/\/vinzroosso.com\/app\/uploads\/2020\/02\/facebook-og.jpg\" \/>\n\t<meta property=\"og:image:width\" content=\"1200\" \/>\n\t<meta property=\"og:image:height\" content=\"630\" \/>\n\t<meta property=\"og:image:type\" content=\"image\/jpeg\" \/>\n<meta name=\"twitter:card\" content=\"summary_large_image\" \/>\n<meta name=\"twitter:site\" content=\"@Vinz_Roosso\" \/>\n<meta name=\"twitter:label1\" content=\"Est. reading time\" \/>\n\t<meta name=\"twitter:data1\" content=\"1 minute\" \/>\n<script type=\"application\/ld+json\" class=\"yoast-schema-graph\">{\"@context\":\"https:\/\/schema.org\",\"@graph\":[{\"@type\":\"WebPage\",\"@id\":\"https:\/\/vinzroosso.com\/en\/news\/\",\"url\":\"https:\/\/vinzroosso.com\/en\/news\/\",\"name\":\"News - Vinz Roosso votre agence artistique et \u00e9v\u00e9nementielle\",\"isPartOf\":{\"@id\":\"https:\/\/vinzroosso.com\/en\/#website\"},\"datePublished\":\"2018-07-20T10:20:42+00:00\",\"dateModified\":\"2025-01-14T07:33:30+00:00\",\"description\":\"S\u00e9lection de nos derni\u00e8res prestations d'animation, de DJ ou d'organisations compl\u00e8tes d'\u00e9v\u00e9nements. Venez trouver de l'inspiration pour vos soir\u00e9es.\",\"breadcrumb\":{\"@id\":\"https:\/\/vinzroosso.com\/en\/news\/#breadcrumb\"},\"inLanguage\":\"en-US\",\"potentialAction\":[{\"@type\":\"ReadAction\",\"target\":[\"https:\/\/vinzroosso.com\/en\/news\/\"]}]},{\"@type\":\"BreadcrumbList\",\"@id\":\"https:\/\/vinzroosso.com\/en\/news\/#breadcrumb\",\"itemListElement\":[{\"@type\":\"ListItem\",\"position\":1,\"name\":\"Accueil\",\"item\":\"https:\/\/vinzroosso.com\/en\/\"},{\"@type\":\"ListItem\",\"position\":2,\"name\":\"News\"}]},{\"@type\":\"WebSite\",\"@id\":\"https:\/\/vinzroosso.com\/en\/#website\",\"url\":\"https:\/\/vinzroosso.com\/en\/\",\"name\":\"Vinz Roosso votre partenaire artistique & \u00e9v\u00e9nementiel\",\"description\":\"Precious moments to celebrate\",\"publisher\":{\"@id\":\"https:\/\/vinzroosso.com\/en\/#organization\"},\"potentialAction\":[{\"@type\":\"SearchAction\",\"target\":{\"@type\":\"EntryPoint\",\"urlTemplate\":\"https:\/\/vinzroosso.com\/en\/?s={search_term_string}\"},\"query-input\":{\"@type\":\"PropertyValueSpecification\",\"valueRequired\":true,\"valueName\":\"search_term_string\"}}],\"inLanguage\":\"en-US\"},{\"@type\":\"Organization\",\"@id\":\"https:\/\/vinzroosso.com\/en\/#organization\",\"name\":\"Vinz Roosso votre partenaire artistique & \u00e9v\u00e9nementiel\",\"url\":\"https:\/\/vinzroosso.com\/en\/\",\"logo\":{\"@type\":\"ImageObject\",\"inLanguage\":\"en-US\",\"@id\":\"https:\/\/vinzroosso.com\/en\/#\/schema\/logo\/image\/\",\"url\":\"https:\/\/vinzroosso.com\/app\/uploads\/2023\/09\/Logo-V_ROOSSO_or_naked.svg\",\"contentUrl\":\"https:\/\/vinzroosso.com\/app\/uploads\/2023\/09\/Logo-V_ROOSSO_or_naked.svg\",\"caption\":\"Vinz Roosso votre partenaire artistique & \u00e9v\u00e9nementiel\"},\"image\":{\"@id\":\"https:\/\/vinzroosso.com\/en\/#\/schema\/logo\/image\/\"},\"sameAs\":[\"https:\/\/www.facebook.com\/vinzroosso\/\",\"https:\/\/x.com\/Vinz_Roosso\",\"https:\/\/www.tiktok.com\/@vinzroosso\",\"https:\/\/www.instagram.com\/vinzroosso\/\",\"https:\/\/www.linkedin.com\/in\/vinz-roosso-18554215?trk=hp-identity-name\"]}]}<\/script>\n<!-- \/ Yoast SEO plugin. -->","yoast_head_json":{"title":"News - Vinz Roosso votre agence artistique et \u00e9v\u00e9nementielle","description":"S\u00e9lection de nos derni\u00e8res prestations d'animation, de DJ ou d'organisations compl\u00e8tes d'\u00e9v\u00e9nements. Venez trouver de l'inspiration pour vos soir\u00e9es.","robots":{"index":"index","follow":"follow","max-snippet":"max-snippet:-1","max-image-preview":"max-image-preview:large","max-video-preview":"max-video-preview:-1"},"canonical":"https:\/\/vinzroosso.com\/en\/news\/","og_locale":"en_US","og_type":"article","og_title":"News - Vinz Roosso votre agence artistique et \u00e9v\u00e9nementielle","og_description":"S\u00e9lection de nos derni\u00e8res prestations d'animation, de DJ ou d'organisations compl\u00e8tes d'\u00e9v\u00e9nements. Venez trouver de l'inspiration pour vos soir\u00e9es.","og_url":"https:\/\/vinzroosso.com\/en\/news\/","og_site_name":"Vinz Roosso votre agence artistique et \u00e9v\u00e9nementielle","article_publisher":"https:\/\/www.facebook.com\/vinzroosso\/","article_modified_time":"2025-01-14T07:33:30+00:00","og_image":[{"width":1200,"height":630,"url":"https:\/\/vinzroosso.com\/app\/uploads\/2020\/02\/facebook-og.jpg","type":"image\/jpeg"}],"twitter_card":"summary_large_image","twitter_site":"@Vinz_Roosso","twitter_misc":{"Est. reading time":"1 minute"},"schema":{"@context":"https:\/\/schema.org","@graph":[{"@type":"WebPage","@id":"https:\/\/vinzroosso.com\/en\/news\/","url":"https:\/\/vinzroosso.com\/en\/news\/","name":"News - Vinz Roosso votre agence artistique et \u00e9v\u00e9nementielle","isPartOf":{"@id":"https:\/\/vinzroosso.com\/en\/#website"},"datePublished":"2018-07-20T10:20:42+00:00","dateModified":"2025-01-14T07:33:30+00:00","description":"S\u00e9lection de nos derni\u00e8res prestations d'animation, de DJ ou d'organisations compl\u00e8tes d'\u00e9v\u00e9nements. Venez trouver de l'inspiration pour vos soir\u00e9es.","breadcrumb":{"@id":"https:\/\/vinzroosso.com\/en\/news\/#breadcrumb"},"inLanguage":"en-US","potentialAction":[{"@type":"ReadAction","target":["https:\/\/vinzroosso.com\/en\/news\/"]}]},{"@type":"BreadcrumbList","@id":"https:\/\/vinzroosso.com\/en\/news\/#breadcrumb","itemListElement":[{"@type":"ListItem","position":1,"name":"Accueil","item":"https:\/\/vinzroosso.com\/en\/"},{"@type":"ListItem","position":2,"name":"News"}]},{"@type":"WebSite","@id":"https:\/\/vinzroosso.com\/en\/#website","url":"https:\/\/vinzroosso.com\/en\/","name":"Vinz Roosso votre partenaire artistique & \u00e9v\u00e9nementiel","description":"Precious moments to celebrate","publisher":{"@id":"https:\/\/vinzroosso.com\/en\/#organization"},"potentialAction":[{"@type":"SearchAction","target":{"@type":"EntryPoint","urlTemplate":"https:\/\/vinzroosso.com\/en\/?s={search_term_string}"},"query-input":{"@type":"PropertyValueSpecification","valueRequired":true,"valueName":"search_term_string"}}],"inLanguage":"en-US"},{"@type":"Organization","@id":"https:\/\/vinzroosso.com\/en\/#organization","name":"Vinz Roosso votre partenaire artistique & \u00e9v\u00e9nementiel","url":"https:\/\/vinzroosso.com\/en\/","logo":{"@type":"ImageObject","inLanguage":"en-US","@id":"https:\/\/vinzroosso.com\/en\/#\/schema\/logo\/image\/","url":"https:\/\/vinzroosso.com\/app\/uploads\/2023\/09\/Logo-V_ROOSSO_or_naked.svg","contentUrl":"https:\/\/vinzroosso.com\/app\/uploads\/2023\/09\/Logo-V_ROOSSO_or_naked.svg","caption":"Vinz Roosso votre partenaire artistique & \u00e9v\u00e9nementiel"},"image":{"@id":"https:\/\/vinzroosso.com\/en\/#\/schema\/logo\/image\/"},"sameAs":["https:\/\/www.facebook.com\/vinzroosso\/","https:\/\/x.com\/Vinz_Roosso","https:\/\/www.tiktok.com\/@vinzroosso","https:\/\/www.instagram.com\/vinzroosso\/","https:\/\/www.linkedin.com\/in\/vinz-roosso-18554215?trk=hp-identity-name"]}]}},"jetpack_sharing_enabled":true,"_links":{"self":[{"href":"https:\/\/vinzroosso.com\/en\/wp-json\/wp\/v2\/pages\/1059","targetHints":{"allow":["GET"]}}],"collection":[{"href":"https:\/\/vinzroosso.com\/en\/wp-json\/wp\/v2\/pages"}],"about":[{"href":"https:\/\/vinzroosso.com\/en\/wp-json\/wp\/v2\/types\/page"}],"author":[{"embeddable":true,"href":"https:\/\/vinzroosso.com\/en\/wp-json\/wp\/v2\/users\/1"}],"replies":[{"embeddable":true,"href":"https:\/\/vinzroosso.com\/en\/wp-json\/wp\/v2\/comments?post=1059"}],"version-history":[{"count":10,"href":"https:\/\/vinzroosso.com\/en\/wp-json\/wp\/v2\/pages\/1059\/revisions"}],"predecessor-version":[{"id":2836,"href":"https:\/\/vinzroosso.com\/en\/wp-json\/wp\/v2\/pages\/1059\/revisions\/2836"}],"wp:attachment":[{"href":"https:\/\/vinzroosso.com\/en\/wp-json\/wp\/v2\/media?parent=1059"}],"curies":[{"name":"wp","href":"https:\/\/api.w.org\/{rel}","templated":true}]}}