{"id":1041,"date":"2019-10-29T10:43:25","date_gmt":"2019-10-29T09:43:25","guid":{"rendered":"https:\/\/viz.app\/evenement-entreprise\/"},"modified":"2024-12-23T10:07:21","modified_gmt":"2024-12-23T09:07:21","slug":"corporate-event","status":"publish","type":"page","link":"https:\/\/vinzroosso.com\/en\/corporate-event\/","title":{"rendered":"Corporate Event"},"content":{"rendered":"\r\n<p><img decoding=\"async\" src=\"https:\/\/vinzroosso.com\/app\/uploads\/2019\/10\/vinz-corporate-white.svg\" alt=\"vinz-corporate-white\" \/><\/p>\r\n<h1>Corporate event<\/h1>\r\n<p>For over 10 years, Vinz Roosso has accompanied various companies in the organization of their events.<\/p>\r\n<p><img decoding=\"async\" title=\"IMG_4240\" src=\"https:\/\/vinzroosso.com\/app\/uploads\/2022\/10\/IMG_4240-1024x768.jpeg\" alt=\"Duo Live Chanteur et Saxophoniste\" \/><\/p>\r\n<h4>How to find an adequate Entertainment?<\/h4>\r\n<p>Finding out the perfect profile to entertain your event is far from being easy. Vinz Roosso adapts professionally to this event, knowing how to guess the music expectations of your employees. Comfortable with all styles, he composes with you and for you, a unique moment to bring together all the people present.<\/p>\r\n<p><a href=\"https:\/\/vinzroosso.com\/en\/contact\/\">Contact us \u2192<\/a><\/p>\r\n<h4>Enjoy a moment of celebration with your teams !<\/h4>\r\n<p>Today we offer a service called \u00abTotal event\u00bb. Tell us about your company&#8217;s history and values, and we&#8217;ll work with our partners. Save precious time!<\/p>\r\n<p><a href=\"https:\/\/vinzroosso.com\/en\/contact\/\">Contact us \u2192<\/a><\/p>\r\n<p><img decoding=\"async\" title=\"vinz_roosso-entreprise-2\" src=\"https:\/\/vinzroosso.com\/app\/uploads\/2020\/01\/vinz_roosso-entreprise-2.jpg\" alt=\"\u00c9v\u00e8nement entreprise\" \/><\/p>\r\n<p>Tell us about your company&#8217;s history and values, and we&#8217;ll work with our partners.<\/p>\r\n<p>Save precious time!<\/p>\r\n<p><a title=\"vinz_roosso-entreprise-4\" href=\"https:\/\/vinzroosso.com\/app\/uploads\/2020\/01\/vinz_roosso-entreprise-4.jpg\" data-fancybox=\"images\" data-description=\"\"> <img loading=\"lazy\" decoding=\"async\" src=\"https:\/\/vinzroosso.com\/app\/uploads\/2020\/01\/vinz_roosso-entreprise-4-1024x576.jpg\" alt=\"\" width=\"1024\" height=\"576\" data-no-lazy=\"1\" \/> <!-- Overlay Wrapper --><!-- Overlay Wrapper Closed --> <\/a> <a title=\"1448C69C-2124-4470-B4B2-86CE260E01FD\" href=\"https:\/\/vinzroosso.com\/app\/uploads\/2021\/11\/1448C69C-2124-4470-B4B2-86CE260E01FD.jpeg\" data-fancybox=\"images\" data-description=\"\"> <img loading=\"lazy\" decoding=\"async\" src=\"https:\/\/vinzroosso.com\/app\/uploads\/2021\/11\/1448C69C-2124-4470-B4B2-86CE260E01FD-683x1024.jpeg\" alt=\"\" width=\"683\" height=\"1024\" data-no-lazy=\"1\" \/> <!-- Overlay Wrapper --><!-- Overlay Wrapper Closed --> <\/a> <a title=\"IMG_4868\" href=\"https:\/\/vinzroosso.com\/app\/uploads\/2023\/06\/IMG_4868-scaled.jpeg\" data-fancybox=\"images\" data-description=\"\"> <img loading=\"lazy\" decoding=\"async\" src=\"https:\/\/vinzroosso.com\/app\/uploads\/2023\/06\/IMG_4868-1024x768.jpeg\" alt=\"\" width=\"1024\" height=\"768\" data-no-lazy=\"1\" \/> <!-- Overlay Wrapper --><!-- Overlay Wrapper Closed --> <\/a> <a title=\"C0255C4A-3D18-495E-91C2-8A85154995BD\" href=\"https:\/\/vinzroosso.com\/app\/uploads\/2021\/11\/C0255C4A-3D18-495E-91C2-8A85154995BD-scaled.jpeg\" data-fancybox=\"images\" data-description=\"\"> <img loading=\"lazy\" decoding=\"async\" src=\"https:\/\/vinzroosso.com\/app\/uploads\/2021\/11\/C0255C4A-3D18-495E-91C2-8A85154995BD-1024x768.jpeg\" alt=\"\" width=\"1024\" height=\"768\" data-no-lazy=\"1\" \/> <!-- Overlay Wrapper --><!-- Overlay Wrapper Closed --> <\/a> <a title=\"E035D960-E23C-4C99-99A5-703AE782AC88\" href=\"https:\/\/vinzroosso.com\/app\/uploads\/2021\/11\/E035D960-E23C-4C99-99A5-703AE782AC88.jpeg\" data-fancybox=\"images\" data-description=\"\"> <img loading=\"lazy\" decoding=\"async\" src=\"https:\/\/vinzroosso.com\/app\/uploads\/2021\/11\/E035D960-E23C-4C99-99A5-703AE782AC88-1024x958.jpeg\" alt=\"\" width=\"1024\" height=\"958\" data-no-lazy=\"1\" \/> <!-- Overlay Wrapper --><!-- Overlay Wrapper Closed --> <\/a> <a title=\"F890EDA4-AB92-4FC6-91EF-F47F5BBA352E\" href=\"https:\/\/vinzroosso.com\/app\/uploads\/2023\/06\/F890EDA4-AB92-4FC6-91EF-F47F5BBA352E.jpg\" data-fancybox=\"images\" data-description=\"\"> <img loading=\"lazy\" decoding=\"async\" src=\"https:\/\/vinzroosso.com\/app\/uploads\/2023\/06\/F890EDA4-AB92-4FC6-91EF-F47F5BBA352E-1024x1024.jpg\" alt=\"\" width=\"1024\" height=\"1024\" data-no-lazy=\"1\" \/> <!-- Overlay Wrapper --><!-- Overlay Wrapper Closed --> <\/a> <a title=\"IMG_6689\" href=\"https:\/\/vinzroosso.com\/app\/uploads\/2023\/06\/IMG_6689.png\" data-fancybox=\"images\" data-description=\"\"> <img loading=\"lazy\" decoding=\"async\" src=\"https:\/\/vinzroosso.com\/app\/uploads\/2023\/06\/IMG_6689-601x1024.png\" alt=\"\" width=\"601\" height=\"1024\" data-no-lazy=\"1\" \/> <!-- Overlay Wrapper --><!-- Overlay Wrapper Closed --> <\/a> <a title=\"OC-Y293_20230608_002_3655_20230608215433432-u0h0r0i0\" href=\"https:\/\/vinzroosso.com\/app\/uploads\/2023\/06\/OC-Y293_20230608_002_3655_20230608215433432-u0h0r0i0.jpg\" data-fancybox=\"images\" data-description=\"\"> <img loading=\"lazy\" decoding=\"async\" src=\"https:\/\/vinzroosso.com\/app\/uploads\/2023\/06\/OC-Y293_20230608_002_3655_20230608215433432-u0h0r0i0-1024x683.jpg\" alt=\"\" width=\"1024\" height=\"683\" data-no-lazy=\"1\" \/> <!-- Overlay Wrapper --><!-- Overlay Wrapper Closed --> <\/a> <a title=\"185EDF9C-2CB5-4F9A-B118-46F5C41C4B8E\" href=\"https:\/\/vinzroosso.com\/app\/uploads\/2022\/08\/185EDF9C-2CB5-4F9A-B118-46F5C41C4B8E.jpeg\" data-fancybox=\"images\" data-description=\"\"> <img loading=\"lazy\" decoding=\"async\" src=\"https:\/\/vinzroosso.com\/app\/uploads\/2022\/08\/185EDF9C-2CB5-4F9A-B118-46F5C41C4B8E-1024x683.jpeg\" alt=\"\" width=\"1024\" height=\"683\" data-no-lazy=\"1\" \/> <!-- Overlay Wrapper --><!-- Overlay Wrapper Closed --> <\/a> <a title=\"01CC0E8A-A304-4459-9216-AE38BA0C5892\" href=\"https:\/\/vinzroosso.com\/app\/uploads\/2021\/11\/01CC0E8A-A304-4459-9216-AE38BA0C5892-scaled.jpeg\" data-fancybox=\"images\" data-description=\"\"> <img loading=\"lazy\" decoding=\"async\" src=\"https:\/\/vinzroosso.com\/app\/uploads\/2021\/11\/01CC0E8A-A304-4459-9216-AE38BA0C5892-1024x576.jpeg\" alt=\"\" width=\"1024\" height=\"576\" data-no-lazy=\"1\" \/> <!-- Overlay Wrapper --><!-- Overlay Wrapper Closed --> <\/a><\/p>\r\n<h2>Formules<\/h2>\r\n<p>Different entertainment options are available and many a la carte options can be added (see brochure).<\/p>\r\n<p><img decoding=\"async\" src=\"https:\/\/vinzroosso.com\/app\/uploads\/2019\/10\/vinz-corporate-white.svg\" alt=\"vinz-corporate-white\" \/> Corporate<\/p>\r\n<h3>Silver<\/h3>\r\n<p>Evening &#8211; Live music and DJ\u00a0<br \/>7:00 pm to 1:00 am<br \/>All style music (80&#8217;s, 90&#8217;s, disco, latino, electro etc.)<br \/>Sound and light system<br \/>Geysers effects<\/p>\r\n<p><img decoding=\"async\" src=\"https:\/\/vinzroosso.com\/app\/uploads\/2019\/10\/vinz-corporate-white.svg\" alt=\"vinz-corporate-white\" \/> Corporate<\/p>\r\n<h3>Gold<\/h3>\r\n<p>DJ &amp; Saxophonist <br \/>From 7pm to 1am <br \/>All Style Music or Clubbing <br \/>Sound and Lights E\ufb00et <br \/>Geysers for the dance floor<\/p>\r\n<p><img decoding=\"async\" src=\"https:\/\/vinzroosso.com\/app\/uploads\/2019\/10\/vinz-corporate-white.svg\" alt=\"vinz-corporate-white\" \/> Corporate<\/p>\r\n<h3>Platinium<\/h3>\r\n<p>Evening &#8211; DJ performance and &#8220;karaoke&#8221; <br \/>From 7pm to 1a.m<br \/>3000 titles at disposal for the &#8220;karaoke&#8221; <br \/>ALL STYLE or Clubbing music <br \/>Sound and Lights effects<br \/>E\ufb00et Geysers<\/p>\r\n<p><img decoding=\"async\" src=\"https:\/\/vinzroosso.com\/app\/uploads\/2019\/10\/vinz-corporate-white.svg\" alt=\"vinz-corporate-white\" \/> Corporate<\/p>\r\n<h3>Ruby<\/h3>\r\n<p>DJ &amp; DANCE SENSATION<br \/>Performance from 7:00 pm to 1:00 am <br \/>DJ with ALL STYLE music or Clubbing<br \/>Welcome and atmosphere on the dance floor <br \/>with our Latin girls: Latin, Hip Hop, Coyote Girls<br \/>Sound and Lights effects<br \/>Geyser effects<\/p>\r\n<p><img decoding=\"async\" src=\"https:\/\/vinzroosso.com\/app\/uploads\/2019\/10\/vinz-corporate-white.svg\" alt=\"vinz-corporate-white\" \/> Corporate<\/p>\r\n<h3>Saphir<\/h3>\r\n<p>Unique combination <br \/>&#8221; Live Trio Band and DJ&#8221;.<br \/>Performance from 7:00 pm to 2:00 am<br \/>DJ with ALL STYLE music or Clubbing <br \/>Sound, and Lights effects<br \/>Geyser Effects<\/p>\r\n<p><img decoding=\"async\" src=\"https:\/\/vinzroosso.com\/app\/uploads\/2019\/10\/vinz-corporate-white.svg\" alt=\"vinz-corporate-white\" \/> Corporate<\/p>\r\n<h3>DJ and Dancers<\/h3>\r\n<p>Variety show, Pole Dance, Gogo Dancers, <br \/>Chippendales, Fireworks<br \/>Sound system and Lights and <br \/>E\ufb00et Geysers for the dance floor<\/p>\r\n<p><img decoding=\"async\" src=\"https:\/\/vinzroosso.com\/app\/uploads\/2019\/10\/vinz-corporate-white.svg\" alt=\"vinz-corporate-white\" \/> Corporate<\/p>\r\n<h3>Total event<\/h3>\r\n<p>Total organization of your event\u00a0<br \/>Venue, catering, animation, video, photos and drinks.<\/p>\r\n<p><img loading=\"lazy\" decoding=\"async\" title=\"vinz-brochure\" src=\"https:\/\/vinzroosso.com\/app\/uploads\/2019\/10\/vinz-brochure-1024x739.png\" alt=\"vinz-brochure\" width=\"1024\" height=\"739\" \/><\/p>\r\n<h3>Brochure<\/h3>\r\n<p>Contact us to receive more information about the entertainment package that will fit in your event.<\/p>\r\n<p><a href=\"https:\/\/vinzroosso.com\/en\/contact\/\" target=\"_self\" rel=\"noopener\"> Contact <\/a><\/p>\r\n","protected":false},"excerpt":{"rendered":"<p>Corporate event For over 10 years, Vinz Roosso has accompanied various companies in the organization of their events. How to find an adequate Entertainment? Finding out the perfect profile to entertain your event is far from being easy. Vinz Roosso adapts professionally to this event, knowing how to guess the music expectations of your employees. &hellip;<\/p>\n<p class=\"read-more\"> <a class=\"\" href=\"https:\/\/vinzroosso.com\/en\/corporate-event\/\"> <span class=\"screen-reader-text\">Corporate Event<\/span> Read More &raquo;<\/a><\/p>\n","protected":false},"author":1,"featured_media":2793,"parent":0,"menu_order":0,"comment_status":"closed","ping_status":"closed","template":"","meta":{"_acf_changed":false,"inline_featured_image":false,"site-sidebar-layout":"no-sidebar","site-content-layout":"page-builder","ast-site-content-layout":"full-width-container","site-content-style":"unboxed","site-sidebar-style":"unboxed","ast-global-header-display":"","ast-banner-title-visibility":"","ast-main-header-display":"","ast-hfb-above-header-display":"","ast-hfb-below-header-display":"","ast-hfb-mobile-header-display":"","site-post-title":"disabled","ast-breadcrumbs-content":"","ast-featured-img":"disabled","footer-sml-layout":"","theme-transparent-header-meta":"enabled","adv-header-id-meta":"","stick-header-meta":"default","header-above-stick-meta":"","header-main-stick-meta":"","header-below-stick-meta":"","astra-migrate-meta-layouts":"set","ast-page-background-enabled":"default","ast-page-background-meta":{"desktop":{"background-color":"","background-image":"","background-repeat":"repeat","background-position":"center center","background-size":"auto","background-attachment":"scroll","background-type":"","background-media":"","overlay-type":"","overlay-color":"","overlay-gradient":""},"tablet":{"background-color":"","background-image":"","background-repeat":"repeat","background-position":"center center","background-size":"auto","background-attachment":"scroll","background-type":"","background-media":"","overlay-type":"","overlay-color":"","overlay-gradient":""},"mobile":{"background-color":"","background-image":"","background-repeat":"repeat","background-position":"center center","background-size":"auto","background-attachment":"scroll","background-type":"","background-media":"","overlay-type":"","overlay-color":"","overlay-gradient":""}},"ast-content-background-meta":{"desktop":{"background-color":"var(--ast-global-color-5)","background-image":"","background-repeat":"repeat","background-position":"center center","background-size":"auto","background-attachment":"scroll","background-type":"","background-media":"","overlay-type":"","overlay-color":"","overlay-gradient":""},"tablet":{"background-color":"var(--ast-global-color-5)","background-image":"","background-repeat":"repeat","background-position":"center center","background-size":"auto","background-attachment":"scroll","background-type":"","background-media":"","overlay-type":"","overlay-color":"","overlay-gradient":""},"mobile":{"background-color":"var(--ast-global-color-5)","background-image":"","background-repeat":"repeat","background-position":"center center","background-size":"auto","background-attachment":"scroll","background-type":"","background-media":"","overlay-type":"","overlay-color":"","overlay-gradient":""}},"footnotes":""},"class_list":["post-1041","page","type-page","status-publish","has-post-thumbnail","hentry"],"acf":[],"yoast_head":"<!-- This site is optimized with the Yoast SEO plugin v27.1.1 - https:\/\/yoast.com\/product\/yoast-seo-wordpress\/ -->\n<title>Corporate Event - Vinz Roosso votre agence artistique et \u00e9v\u00e9nementielle<\/title>\n<meta name=\"description\" content=\"Profitez d\u2019une soir\u00e9e m\u00e9morable avec vos \u00e9quipes ou vos clients. Nous organisons la soir\u00e9e et l&#039;animation selon vos go\u00fbts et vos envies.\" \/>\n<meta name=\"robots\" content=\"index, follow, max-snippet:-1, max-image-preview:large, max-video-preview:-1\" \/>\n<link rel=\"canonical\" href=\"https:\/\/vinzroosso.com\/en\/corporate-event\/\" \/>\n<meta property=\"og:locale\" content=\"en_US\" \/>\n<meta property=\"og:type\" content=\"article\" \/>\n<meta property=\"og:title\" content=\"Corporate Event - Vinz Roosso votre agence artistique et \u00e9v\u00e9nementielle\" \/>\n<meta property=\"og:description\" content=\"Profitez d\u2019une soir\u00e9e m\u00e9morable avec vos \u00e9quipes ou vos clients. Nous organisons la soir\u00e9e et l&#039;animation selon vos go\u00fbts et vos envies.\" \/>\n<meta property=\"og:url\" content=\"https:\/\/vinzroosso.com\/en\/corporate-event\/\" \/>\n<meta property=\"og:site_name\" content=\"Vinz Roosso votre agence artistique et \u00e9v\u00e9nementielle\" \/>\n<meta property=\"article:publisher\" content=\"https:\/\/www.facebook.com\/vinzroosso\/\" \/>\n<meta property=\"article:modified_time\" content=\"2024-12-23T09:07:21+00:00\" \/>\n<meta property=\"og:image\" content=\"https:\/\/vinzroosso.com\/app\/uploads\/2024\/12\/viz_event-entreprise.jpg\" \/>\n\t<meta property=\"og:image:width\" content=\"1920\" \/>\n\t<meta property=\"og:image:height\" content=\"500\" \/>\n\t<meta property=\"og:image:type\" content=\"image\/jpeg\" \/>\n<meta name=\"twitter:card\" content=\"summary_large_image\" \/>\n<meta name=\"twitter:site\" content=\"@Vinz_Roosso\" \/>\n<meta name=\"twitter:label1\" content=\"Est. reading time\" \/>\n\t<meta name=\"twitter:data1\" content=\"7 minutes\" \/>\n<script type=\"application\/ld+json\" class=\"yoast-schema-graph\">{\"@context\":\"https:\/\/schema.org\",\"@graph\":[{\"@type\":\"WebPage\",\"@id\":\"https:\/\/vinzroosso.com\/en\/corporate-event\/\",\"url\":\"https:\/\/vinzroosso.com\/en\/corporate-event\/\",\"name\":\"Corporate Event - Vinz Roosso votre agence artistique et \u00e9v\u00e9nementielle\",\"isPartOf\":{\"@id\":\"https:\/\/vinzroosso.com\/en\/#website\"},\"primaryImageOfPage\":{\"@id\":\"https:\/\/vinzroosso.com\/en\/corporate-event\/#primaryimage\"},\"image\":{\"@id\":\"https:\/\/vinzroosso.com\/en\/corporate-event\/#primaryimage\"},\"thumbnailUrl\":\"https:\/\/vinzroosso.com\/app\/uploads\/2024\/12\/viz_event-entreprise.jpg\",\"datePublished\":\"2019-10-29T09:43:25+00:00\",\"dateModified\":\"2024-12-23T09:07:21+00:00\",\"description\":\"Profitez d\u2019une soir\u00e9e m\u00e9morable avec vos \u00e9quipes ou vos clients. Nous organisons la soir\u00e9e et l'animation selon vos go\u00fbts et vos envies.\",\"breadcrumb\":{\"@id\":\"https:\/\/vinzroosso.com\/en\/corporate-event\/#breadcrumb\"},\"inLanguage\":\"en-US\",\"potentialAction\":[{\"@type\":\"ReadAction\",\"target\":[\"https:\/\/vinzroosso.com\/en\/corporate-event\/\"]}]},{\"@type\":\"ImageObject\",\"inLanguage\":\"en-US\",\"@id\":\"https:\/\/vinzroosso.com\/en\/corporate-event\/#primaryimage\",\"url\":\"https:\/\/vinzroosso.com\/app\/uploads\/2024\/12\/viz_event-entreprise.jpg\",\"contentUrl\":\"https:\/\/vinzroosso.com\/app\/uploads\/2024\/12\/viz_event-entreprise.jpg\",\"width\":1920,\"height\":500},{\"@type\":\"BreadcrumbList\",\"@id\":\"https:\/\/vinzroosso.com\/en\/corporate-event\/#breadcrumb\",\"itemListElement\":[{\"@type\":\"ListItem\",\"position\":1,\"name\":\"Accueil\",\"item\":\"https:\/\/vinzroosso.com\/en\/\"},{\"@type\":\"ListItem\",\"position\":2,\"name\":\"Corporate Event\"}]},{\"@type\":\"WebSite\",\"@id\":\"https:\/\/vinzroosso.com\/en\/#website\",\"url\":\"https:\/\/vinzroosso.com\/en\/\",\"name\":\"Vinz Roosso votre partenaire artistique & \u00e9v\u00e9nementiel\",\"description\":\"Precious moments to celebrate\",\"publisher\":{\"@id\":\"https:\/\/vinzroosso.com\/en\/#organization\"},\"potentialAction\":[{\"@type\":\"SearchAction\",\"target\":{\"@type\":\"EntryPoint\",\"urlTemplate\":\"https:\/\/vinzroosso.com\/en\/?s={search_term_string}\"},\"query-input\":{\"@type\":\"PropertyValueSpecification\",\"valueRequired\":true,\"valueName\":\"search_term_string\"}}],\"inLanguage\":\"en-US\"},{\"@type\":\"Organization\",\"@id\":\"https:\/\/vinzroosso.com\/en\/#organization\",\"name\":\"Vinz Roosso votre partenaire artistique & \u00e9v\u00e9nementiel\",\"url\":\"https:\/\/vinzroosso.com\/en\/\",\"logo\":{\"@type\":\"ImageObject\",\"inLanguage\":\"en-US\",\"@id\":\"https:\/\/vinzroosso.com\/en\/#\/schema\/logo\/image\/\",\"url\":\"https:\/\/vinzroosso.com\/app\/uploads\/2023\/09\/Logo-V_ROOSSO_or_naked.svg\",\"contentUrl\":\"https:\/\/vinzroosso.com\/app\/uploads\/2023\/09\/Logo-V_ROOSSO_or_naked.svg\",\"caption\":\"Vinz Roosso votre partenaire artistique & \u00e9v\u00e9nementiel\"},\"image\":{\"@id\":\"https:\/\/vinzroosso.com\/en\/#\/schema\/logo\/image\/\"},\"sameAs\":[\"https:\/\/www.facebook.com\/vinzroosso\/\",\"https:\/\/x.com\/Vinz_Roosso\",\"https:\/\/www.tiktok.com\/@vinzroosso\",\"https:\/\/www.instagram.com\/vinzroosso\/\",\"https:\/\/www.linkedin.com\/in\/vinz-roosso-18554215?trk=hp-identity-name\"]}]}<\/script>\n<!-- \/ Yoast SEO plugin. -->","yoast_head_json":{"title":"Corporate Event - Vinz Roosso votre agence artistique et \u00e9v\u00e9nementielle","description":"Profitez d\u2019une soir\u00e9e m\u00e9morable avec vos \u00e9quipes ou vos clients. Nous organisons la soir\u00e9e et l'animation selon vos go\u00fbts et vos envies.","robots":{"index":"index","follow":"follow","max-snippet":"max-snippet:-1","max-image-preview":"max-image-preview:large","max-video-preview":"max-video-preview:-1"},"canonical":"https:\/\/vinzroosso.com\/en\/corporate-event\/","og_locale":"en_US","og_type":"article","og_title":"Corporate Event - Vinz Roosso votre agence artistique et \u00e9v\u00e9nementielle","og_description":"Profitez d\u2019une soir\u00e9e m\u00e9morable avec vos \u00e9quipes ou vos clients. Nous organisons la soir\u00e9e et l'animation selon vos go\u00fbts et vos envies.","og_url":"https:\/\/vinzroosso.com\/en\/corporate-event\/","og_site_name":"Vinz Roosso votre agence artistique et \u00e9v\u00e9nementielle","article_publisher":"https:\/\/www.facebook.com\/vinzroosso\/","article_modified_time":"2024-12-23T09:07:21+00:00","og_image":[{"width":1920,"height":500,"url":"https:\/\/vinzroosso.com\/app\/uploads\/2024\/12\/viz_event-entreprise.jpg","type":"image\/jpeg"}],"twitter_card":"summary_large_image","twitter_site":"@Vinz_Roosso","twitter_misc":{"Est. reading time":"7 minutes"},"schema":{"@context":"https:\/\/schema.org","@graph":[{"@type":"WebPage","@id":"https:\/\/vinzroosso.com\/en\/corporate-event\/","url":"https:\/\/vinzroosso.com\/en\/corporate-event\/","name":"Corporate Event - Vinz Roosso votre agence artistique et \u00e9v\u00e9nementielle","isPartOf":{"@id":"https:\/\/vinzroosso.com\/en\/#website"},"primaryImageOfPage":{"@id":"https:\/\/vinzroosso.com\/en\/corporate-event\/#primaryimage"},"image":{"@id":"https:\/\/vinzroosso.com\/en\/corporate-event\/#primaryimage"},"thumbnailUrl":"https:\/\/vinzroosso.com\/app\/uploads\/2024\/12\/viz_event-entreprise.jpg","datePublished":"2019-10-29T09:43:25+00:00","dateModified":"2024-12-23T09:07:21+00:00","description":"Profitez d\u2019une soir\u00e9e m\u00e9morable avec vos \u00e9quipes ou vos clients. Nous organisons la soir\u00e9e et l'animation selon vos go\u00fbts et vos envies.","breadcrumb":{"@id":"https:\/\/vinzroosso.com\/en\/corporate-event\/#breadcrumb"},"inLanguage":"en-US","potentialAction":[{"@type":"ReadAction","target":["https:\/\/vinzroosso.com\/en\/corporate-event\/"]}]},{"@type":"ImageObject","inLanguage":"en-US","@id":"https:\/\/vinzroosso.com\/en\/corporate-event\/#primaryimage","url":"https:\/\/vinzroosso.com\/app\/uploads\/2024\/12\/viz_event-entreprise.jpg","contentUrl":"https:\/\/vinzroosso.com\/app\/uploads\/2024\/12\/viz_event-entreprise.jpg","width":1920,"height":500},{"@type":"BreadcrumbList","@id":"https:\/\/vinzroosso.com\/en\/corporate-event\/#breadcrumb","itemListElement":[{"@type":"ListItem","position":1,"name":"Accueil","item":"https:\/\/vinzroosso.com\/en\/"},{"@type":"ListItem","position":2,"name":"Corporate Event"}]},{"@type":"WebSite","@id":"https:\/\/vinzroosso.com\/en\/#website","url":"https:\/\/vinzroosso.com\/en\/","name":"Vinz Roosso votre partenaire artistique & \u00e9v\u00e9nementiel","description":"Precious moments to celebrate","publisher":{"@id":"https:\/\/vinzroosso.com\/en\/#organization"},"potentialAction":[{"@type":"SearchAction","target":{"@type":"EntryPoint","urlTemplate":"https:\/\/vinzroosso.com\/en\/?s={search_term_string}"},"query-input":{"@type":"PropertyValueSpecification","valueRequired":true,"valueName":"search_term_string"}}],"inLanguage":"en-US"},{"@type":"Organization","@id":"https:\/\/vinzroosso.com\/en\/#organization","name":"Vinz Roosso votre partenaire artistique & \u00e9v\u00e9nementiel","url":"https:\/\/vinzroosso.com\/en\/","logo":{"@type":"ImageObject","inLanguage":"en-US","@id":"https:\/\/vinzroosso.com\/en\/#\/schema\/logo\/image\/","url":"https:\/\/vinzroosso.com\/app\/uploads\/2023\/09\/Logo-V_ROOSSO_or_naked.svg","contentUrl":"https:\/\/vinzroosso.com\/app\/uploads\/2023\/09\/Logo-V_ROOSSO_or_naked.svg","caption":"Vinz Roosso votre partenaire artistique & \u00e9v\u00e9nementiel"},"image":{"@id":"https:\/\/vinzroosso.com\/en\/#\/schema\/logo\/image\/"},"sameAs":["https:\/\/www.facebook.com\/vinzroosso\/","https:\/\/x.com\/Vinz_Roosso","https:\/\/www.tiktok.com\/@vinzroosso","https:\/\/www.instagram.com\/vinzroosso\/","https:\/\/www.linkedin.com\/in\/vinz-roosso-18554215?trk=hp-identity-name"]}]}},"jetpack_sharing_enabled":true,"_links":{"self":[{"href":"https:\/\/vinzroosso.com\/en\/wp-json\/wp\/v2\/pages\/1041","targetHints":{"allow":["GET"]}}],"collection":[{"href":"https:\/\/vinzroosso.com\/en\/wp-json\/wp\/v2\/pages"}],"about":[{"href":"https:\/\/vinzroosso.com\/en\/wp-json\/wp\/v2\/types\/page"}],"author":[{"embeddable":true,"href":"https:\/\/vinzroosso.com\/en\/wp-json\/wp\/v2\/users\/1"}],"replies":[{"embeddable":true,"href":"https:\/\/vinzroosso.com\/en\/wp-json\/wp\/v2\/comments?post=1041"}],"version-history":[{"count":11,"href":"https:\/\/vinzroosso.com\/en\/wp-json\/wp\/v2\/pages\/1041\/revisions"}],"predecessor-version":[{"id":2810,"href":"https:\/\/vinzroosso.com\/en\/wp-json\/wp\/v2\/pages\/1041\/revisions\/2810"}],"wp:featuredmedia":[{"embeddable":true,"href":"https:\/\/vinzroosso.com\/en\/wp-json\/wp\/v2\/media\/2793"}],"wp:attachment":[{"href":"https:\/\/vinzroosso.com\/en\/wp-json\/wp\/v2\/media?parent=1041"}],"curies":[{"name":"wp","href":"https:\/\/api.w.org\/{rel}","templated":true}]}}