{"id":1028,"date":"2019-10-29T10:44:02","date_gmt":"2019-10-29T09:44:02","guid":{"rendered":"https:\/\/viz.app\/anniversaire\/"},"modified":"2024-12-23T10:06:26","modified_gmt":"2024-12-23T09:06:26","slug":"private-party","status":"publish","type":"page","link":"https:\/\/vinzroosso.com\/en\/private-party\/","title":{"rendered":"Private party"},"content":{"rendered":"\r\n<p><img decoding=\"async\" src=\"https:\/\/vinzroosso.com\/app\/uploads\/2019\/10\/vinz-anniversaire-white.svg\" alt=\"vinz-anniversaire-white\" \/><\/p>\r\n<p>A birthday, a party with your friends, a retirement party? Celebrate your event without any organizational worries and in a professional musical atmosphere, to your taste.<\/p>\r\n<p><img decoding=\"async\" title=\"PHOTO-2022-08-14-17-46-31\" src=\"https:\/\/vinzroosso.com\/app\/uploads\/2023\/01\/PHOTO-2022-08-14-17-46-31-1024x683.jpg\" alt=\"DJ Vinz Roosso\" \/><\/p>\r\n<h4>DJ and organizer<\/h4>\r\n<p>Are you looking for an experienced DJ who will support you in the organization and realization of your party? With Vinz Roosso, you are at the right address.<\/p>\r\n<p><a href=\"https:\/\/vinzroosso.com\/en\/contact\/\">Contact us \u2192<\/a><\/p>\r\n<h4>A party that suits your musical tastes<\/h4>\r\n<p>Celebrating is a human need. Whether you are 18, 30, 50 or 100 years old, you have a thousand opportunities to celebrate. For this you need a good atmosphere and entertainment.<\/p>\r\n<p><a href=\"https:\/\/vinzroosso.com\/en\/contact\/\">Contact us \u2192<\/a><\/p>\r\n<p><img decoding=\"async\" title=\"IMG_0269\" src=\"https:\/\/vinzroosso.com\/app\/uploads\/2023\/06\/IMG_0269-1-1024x683.jpg\" alt=\"IMG_0269\" \/><\/p>\r\n<p>Celebrating is a human need. Whether you are 18, 30, 50 or 100 years old, you have a thousand opportunities to celebrate.<\/p>\r\n<p><a title=\"vinz_roosso-anniversaire-3\" href=\"https:\/\/vinzroosso.com\/app\/uploads\/2020\/01\/vinz_roosso-anniversaire-3.jpg\" data-fancybox=\"images\" data-description=\"\"> <img loading=\"lazy\" decoding=\"async\" src=\"https:\/\/vinzroosso.com\/app\/uploads\/2020\/01\/vinz_roosso-anniversaire-3-1024x905.jpg\" alt=\"\" width=\"1024\" height=\"905\" data-no-lazy=\"1\" \/> <!-- Overlay Wrapper --><!-- Overlay Wrapper Closed --> <\/a> <a title=\"vinz_roosso-anniversaire-5\" href=\"https:\/\/vinzroosso.com\/app\/uploads\/2020\/01\/vinz_roosso-anniversaire-5.jpg\" data-fancybox=\"images\" data-description=\"\"> <img loading=\"lazy\" decoding=\"async\" src=\"https:\/\/vinzroosso.com\/app\/uploads\/2020\/01\/vinz_roosso-anniversaire-5-1024x768.jpg\" alt=\"\" width=\"1024\" height=\"768\" data-no-lazy=\"1\" \/> <!-- Overlay Wrapper --><!-- Overlay Wrapper Closed --> <\/a> <a title=\"DCD8AA0C-B54A-4614-A602-C38460DE81E9\" href=\"https:\/\/vinzroosso.com\/app\/uploads\/2023\/01\/DCD8AA0C-B54A-4614-A602-C38460DE81E9-scaled.jpeg\" data-fancybox=\"images\" data-description=\"\"> <img loading=\"lazy\" decoding=\"async\" src=\"https:\/\/vinzroosso.com\/app\/uploads\/2023\/01\/DCD8AA0C-B54A-4614-A602-C38460DE81E9-1024x768.jpeg\" alt=\"\" width=\"1024\" height=\"768\" data-no-lazy=\"1\" \/> <!-- Overlay Wrapper --><!-- Overlay Wrapper Closed --> <\/a> <a title=\"A72B2827-FDFC-42E5-B8C7-99EF60FCD5C3\" href=\"https:\/\/vinzroosso.com\/app\/uploads\/2023\/01\/A72B2827-FDFC-42E5-B8C7-99EF60FCD5C3-scaled.jpeg\" data-fancybox=\"images\" data-description=\"\"> <img loading=\"lazy\" decoding=\"async\" src=\"https:\/\/vinzroosso.com\/app\/uploads\/2023\/01\/A72B2827-FDFC-42E5-B8C7-99EF60FCD5C3-1024x768.jpeg\" alt=\"\" width=\"1024\" height=\"768\" data-no-lazy=\"1\" \/> <!-- Overlay Wrapper --><!-- Overlay Wrapper Closed --> <\/a> <a title=\"AAA44CBF-BC7B-47EA-92B5-ACC4AF692E2F\" href=\"https:\/\/vinzroosso.com\/app\/uploads\/2022\/03\/AAA44CBF-BC7B-47EA-92B5-ACC4AF692E2F-scaled.jpeg\" data-fancybox=\"images\" data-description=\"\"> <img loading=\"lazy\" decoding=\"async\" src=\"https:\/\/vinzroosso.com\/app\/uploads\/2022\/03\/AAA44CBF-BC7B-47EA-92B5-ACC4AF692E2F-1024x1024.jpeg\" alt=\"\" width=\"1024\" height=\"1024\" data-no-lazy=\"1\" \/> <!-- Overlay Wrapper --><!-- Overlay Wrapper Closed --> <\/a> <a title=\"1A6145D9-EC1A-4E4B-B95C-B499F393189F\" href=\"https:\/\/vinzroosso.com\/app\/uploads\/2023\/01\/1A6145D9-EC1A-4E4B-B95C-B499F393189F.png\" data-fancybox=\"images\" data-description=\"\"> <img loading=\"lazy\" decoding=\"async\" src=\"https:\/\/vinzroosso.com\/app\/uploads\/2023\/01\/1A6145D9-EC1A-4E4B-B95C-B499F393189F-1024x684.png\" alt=\"\" width=\"1024\" height=\"684\" data-no-lazy=\"1\" \/> <!-- Overlay Wrapper --><!-- Overlay Wrapper Closed --> <\/a> <a title=\"6CBC2C69-AE28-4D1B-83D1-0D5AC693469E\" href=\"https:\/\/vinzroosso.com\/app\/uploads\/2023\/01\/6CBC2C69-AE28-4D1B-83D1-0D5AC693469E-scaled.jpeg\" data-fancybox=\"images\" data-description=\"\"> <img loading=\"lazy\" decoding=\"async\" src=\"https:\/\/vinzroosso.com\/app\/uploads\/2023\/01\/6CBC2C69-AE28-4D1B-83D1-0D5AC693469E-1024x1024.jpeg\" alt=\"\" width=\"1024\" height=\"1024\" data-no-lazy=\"1\" \/> <!-- Overlay Wrapper --><!-- Overlay Wrapper Closed --> <\/a> <a title=\"vinz_roosso-anniversaire-1\" href=\"https:\/\/vinzroosso.com\/app\/uploads\/2020\/01\/vinz_roosso-anniversaire-1.jpg\" data-fancybox=\"images\" data-description=\"\"> <img loading=\"lazy\" decoding=\"async\" src=\"https:\/\/vinzroosso.com\/app\/uploads\/2020\/01\/vinz_roosso-anniversaire-1.jpg\" alt=\"\" width=\"958\" height=\"958\" data-no-lazy=\"1\" \/> <!-- Overlay Wrapper --><!-- Overlay Wrapper Closed --> <\/a><\/p>\r\n<h2>Formules<\/h2>\r\n<p>Different entertainment packages are available and many a la carte options can be added.<\/p>\r\n<p><img decoding=\"async\" src=\"https:\/\/vinzroosso.com\/app\/uploads\/2019\/10\/vinz-anniversaire-white.svg\" alt=\"vinz-anniversaire-white\" \/> Private Event<\/p>\r\n<h3>Silver<\/h3>\r\n<p>Live music and DJ\u00a0<br \/>All style music &amp; Clubbing<br \/>Sound, Light and Geyser effects<br \/>Animation games possible<br \/>Performance from 7pm to 1am<\/p>\r\n<p><img decoding=\"async\" src=\"https:\/\/vinzroosso.com\/app\/uploads\/2019\/10\/vinz-anniversaire-white.svg\" alt=\"vinz-anniversaire-white\" \/> Private Event<\/p>\r\n<h3>Gold<\/h3>\r\n<p>DJ &amp; karaoke<br \/>3000 titles at disposal for the karaoke<br \/>Karaoke screen and microphones<br \/>All Style &amp; Clubbing music\u00a0<br \/>Animation games possible<br \/>Sound &amp; Light system<br \/>Performance from 7pm to 2am<\/p>\r\n<p><img decoding=\"async\" src=\"https:\/\/vinzroosso.com\/app\/uploads\/2019\/10\/vinz-anniversaire-white.svg\" alt=\"vinz-anniversaire-white\" \/> Private Event<\/p>\r\n<h3>Platinium<\/h3>\r\n<p>DJ and Photo booth animation <br \/>Personalized photo booth\u00a0<br \/>300 printed photos and sent by mail<br \/>All style and Clubbing music<br \/>Animation games possible<br \/>Sound &amp; Light system\u00a0<br \/>Performance from 7pm to 2am\u00a0<\/p>\r\n<p><img decoding=\"async\" src=\"https:\/\/vinzroosso.com\/app\/uploads\/2019\/10\/vinz-anniversaire-white.svg\" alt=\"vinz-anniversaire-white\" \/> Private Event<\/p>\r\n<h3>Diamond<\/h3>\r\n<p>DJ &amp; Dance Trio<br \/>Welcome of guests<br \/>Dance floor show<br \/>Sound &amp; light system<br \/>All style music &amp; clubbing<br \/>Performance from 7pm to 2am\u00a0<\/p>\r\n<p><img decoding=\"async\" src=\"https:\/\/vinzroosso.com\/app\/uploads\/2019\/10\/vinz-anniversaire-white.svg\" alt=\"vinz-anniversaire-white\" \/> Private Event<\/p>\r\n<h3>Delicious Live band<\/h3>\r\n<p>Delicious Live Band<br \/>Different combinations with\u00a0<br \/>our talented musicians\u00a0<br \/>Live Duo band aperitif<br \/>Live Trio band aperitif<br \/>Live Duo band evening<br \/>Live Trio band evening<\/p>\r\n<p><img decoding=\"async\" src=\"https:\/\/vinzroosso.com\/app\/uploads\/2019\/10\/vinz-anniversaire-white.svg\" alt=\"vinz-anniversaire-white\" \/> Private Event<\/p>\r\n<h3>Jazz Band<\/h3>\r\n<p>Jazz By Vinz<br \/>Jazz standards with Vinz Roosso as lead singer &amp;<br \/>our Jazz band<\/p>\r\n<p><img decoding=\"async\" src=\"https:\/\/vinzroosso.com\/app\/uploads\/2019\/10\/vinz-anniversaire-white.svg\" alt=\"vinz-anniversaire-white\" \/> Private Event<\/p>\r\n<h3>A la Carte Options<\/h3>\r\n<p>Photo booth<br \/>Led Spot decoration<br \/>Logo &amp; Name projection<br \/>Fireworks effects<br \/>Musician &#8211; Violonist, Saxophonist, Singer<\/p>\r\n<p><img decoding=\"async\" src=\"https:\/\/vinzroosso.com\/app\/uploads\/2019\/10\/vinz-anniversaire-white.svg\" alt=\"vinz-anniversaire-white\" \/> Private Event<\/p>\r\n<h3>Total event<\/h3>\r\n<p><b>THE COMPLETE ORGANIZATION OF YOUR EVENT<br \/><\/b>A complete solution for your event with our different partners<br \/>Venue &#8211; Caterer &#8211; Artists &#8211; <br \/>Drinks &#8211; Decoration &#8211; Sound and Light\u00a0<br \/>Photo Booth Selfies &#8211; <br \/>Video &amp; Photo &#8211; Projection &#8211; Special Effects\u00a0<\/p>\r\n<p><img loading=\"lazy\" decoding=\"async\" title=\"vinz-brochure\" src=\"https:\/\/vinzroosso.com\/app\/uploads\/2019\/10\/vinz-brochure-1024x739.png\" alt=\"vinz-brochure\" width=\"1024\" height=\"739\" \/><\/p>\r\n<h3>Brochure<\/h3>\r\n<p>Contact us to receive more information about the entertainment package that will fit in your event.<\/p>\r\n<p><a href=\"https:\/\/vinzroosso.com\/en\/contact\/\" target=\"_self\" rel=\"noopener\"> Contact <\/a><\/p>\r\n","protected":false},"excerpt":{"rendered":"<p>A birthday, a party with your friends, a retirement party? Celebrate your event without any organizational worries and in a professional musical atmosphere, to your taste. DJ and organizer Are you looking for an experienced DJ who will support you in the organization and realization of your party? With Vinz Roosso, you are at the &hellip;<\/p>\n<p class=\"read-more\"> <a class=\"\" href=\"https:\/\/vinzroosso.com\/en\/private-party\/\"> <span class=\"screen-reader-text\">Private party<\/span> Read More &raquo;<\/a><\/p>\n","protected":false},"author":1,"featured_media":2799,"parent":0,"menu_order":0,"comment_status":"closed","ping_status":"closed","template":"","meta":{"_acf_changed":false,"inline_featured_image":false,"site-sidebar-layout":"no-sidebar","site-content-layout":"page-builder","ast-site-content-layout":"full-width-container","site-content-style":"unboxed","site-sidebar-style":"unboxed","ast-global-header-display":"","ast-banner-title-visibility":"","ast-main-header-display":"","ast-hfb-above-header-display":"","ast-hfb-below-header-display":"","ast-hfb-mobile-header-display":"","site-post-title":"disabled","ast-breadcrumbs-content":"","ast-featured-img":"disabled","footer-sml-layout":"","theme-transparent-header-meta":"enabled","adv-header-id-meta":"","stick-header-meta":"default","header-above-stick-meta":"","header-main-stick-meta":"","header-below-stick-meta":"","astra-migrate-meta-layouts":"set","ast-page-background-enabled":"default","ast-page-background-meta":{"desktop":{"background-color":"","background-image":"","background-repeat":"repeat","background-position":"center center","background-size":"auto","background-attachment":"scroll","background-type":"","background-media":"","overlay-type":"","overlay-color":"","overlay-gradient":""},"tablet":{"background-color":"","background-image":"","background-repeat":"repeat","background-position":"center center","background-size":"auto","background-attachment":"scroll","background-type":"","background-media":"","overlay-type":"","overlay-color":"","overlay-gradient":""},"mobile":{"background-color":"","background-image":"","background-repeat":"repeat","background-position":"center center","background-size":"auto","background-attachment":"scroll","background-type":"","background-media":"","overlay-type":"","overlay-color":"","overlay-gradient":""}},"ast-content-background-meta":{"desktop":{"background-color":"var(--ast-global-color-5)","background-image":"","background-repeat":"repeat","background-position":"center center","background-size":"auto","background-attachment":"scroll","background-type":"","background-media":"","overlay-type":"","overlay-color":"","overlay-gradient":""},"tablet":{"background-color":"var(--ast-global-color-5)","background-image":"","background-repeat":"repeat","background-position":"center center","background-size":"auto","background-attachment":"scroll","background-type":"","background-media":"","overlay-type":"","overlay-color":"","overlay-gradient":""},"mobile":{"background-color":"var(--ast-global-color-5)","background-image":"","background-repeat":"repeat","background-position":"center center","background-size":"auto","background-attachment":"scroll","background-type":"","background-media":"","overlay-type":"","overlay-color":"","overlay-gradient":""}},"footnotes":""},"class_list":["post-1028","page","type-page","status-publish","has-post-thumbnail","hentry"],"acf":[],"yoast_head":"<!-- This site is optimized with the Yoast SEO plugin v27.1.1 - https:\/\/yoast.com\/product\/yoast-seo-wordpress\/ -->\n<title>Votre Private party - Vinz Roosso votre agence artistique et \u00e9v\u00e9nementielle<\/title>\n<meta name=\"description\" content=\"F\u00eatez votre anniversaire sans souci d&#039;organisation et dans une ambiance musicale professionnelle, \u00e0 votre go\u00fbt avec DJ et organisateur exp\u00e9riment\u00e9.\" \/>\n<meta name=\"robots\" content=\"index, follow, max-snippet:-1, max-image-preview:large, max-video-preview:-1\" \/>\n<link rel=\"canonical\" href=\"https:\/\/vinzroosso.com\/en\/private-party\/\" \/>\n<meta property=\"og:locale\" content=\"en_US\" \/>\n<meta property=\"og:type\" content=\"article\" \/>\n<meta property=\"og:title\" content=\"Votre Private party - Vinz Roosso votre agence artistique et \u00e9v\u00e9nementielle\" \/>\n<meta property=\"og:description\" content=\"F\u00eatez votre anniversaire sans souci d&#039;organisation et dans une ambiance musicale professionnelle, \u00e0 votre go\u00fbt avec DJ et organisateur exp\u00e9riment\u00e9.\" \/>\n<meta property=\"og:url\" content=\"https:\/\/vinzroosso.com\/en\/private-party\/\" \/>\n<meta property=\"og:site_name\" content=\"Vinz Roosso votre agence artistique et \u00e9v\u00e9nementielle\" \/>\n<meta property=\"article:publisher\" content=\"https:\/\/www.facebook.com\/vinzroosso\/\" \/>\n<meta property=\"article:modified_time\" content=\"2024-12-23T09:06:26+00:00\" \/>\n<meta property=\"og:image\" content=\"https:\/\/vinzroosso.com\/app\/uploads\/2024\/12\/viz_soiree_privee.jpg\" \/>\n\t<meta property=\"og:image:width\" content=\"1920\" \/>\n\t<meta property=\"og:image:height\" content=\"500\" \/>\n\t<meta property=\"og:image:type\" content=\"image\/jpeg\" \/>\n<meta name=\"twitter:card\" content=\"summary_large_image\" \/>\n<meta name=\"twitter:site\" content=\"@Vinz_Roosso\" \/>\n<meta name=\"twitter:label1\" content=\"Est. reading time\" \/>\n\t<meta name=\"twitter:data1\" content=\"6 minutes\" \/>\n<script type=\"application\/ld+json\" class=\"yoast-schema-graph\">{\"@context\":\"https:\/\/schema.org\",\"@graph\":[{\"@type\":\"WebPage\",\"@id\":\"https:\/\/vinzroosso.com\/en\/private-party\/\",\"url\":\"https:\/\/vinzroosso.com\/en\/private-party\/\",\"name\":\"Votre Private party - Vinz Roosso votre agence artistique et \u00e9v\u00e9nementielle\",\"isPartOf\":{\"@id\":\"https:\/\/vinzroosso.com\/en\/#website\"},\"primaryImageOfPage\":{\"@id\":\"https:\/\/vinzroosso.com\/en\/private-party\/#primaryimage\"},\"image\":{\"@id\":\"https:\/\/vinzroosso.com\/en\/private-party\/#primaryimage\"},\"thumbnailUrl\":\"https:\/\/vinzroosso.com\/app\/uploads\/2024\/12\/viz_soiree_privee.jpg\",\"datePublished\":\"2019-10-29T09:44:02+00:00\",\"dateModified\":\"2024-12-23T09:06:26+00:00\",\"description\":\"F\u00eatez votre anniversaire sans souci d'organisation et dans une ambiance musicale professionnelle, \u00e0 votre go\u00fbt avec DJ et organisateur exp\u00e9riment\u00e9.\",\"breadcrumb\":{\"@id\":\"https:\/\/vinzroosso.com\/en\/private-party\/#breadcrumb\"},\"inLanguage\":\"en-US\",\"potentialAction\":[{\"@type\":\"ReadAction\",\"target\":[\"https:\/\/vinzroosso.com\/en\/private-party\/\"]}]},{\"@type\":\"ImageObject\",\"inLanguage\":\"en-US\",\"@id\":\"https:\/\/vinzroosso.com\/en\/private-party\/#primaryimage\",\"url\":\"https:\/\/vinzroosso.com\/app\/uploads\/2024\/12\/viz_soiree_privee.jpg\",\"contentUrl\":\"https:\/\/vinzroosso.com\/app\/uploads\/2024\/12\/viz_soiree_privee.jpg\",\"width\":1920,\"height\":500},{\"@type\":\"BreadcrumbList\",\"@id\":\"https:\/\/vinzroosso.com\/en\/private-party\/#breadcrumb\",\"itemListElement\":[{\"@type\":\"ListItem\",\"position\":1,\"name\":\"Accueil\",\"item\":\"https:\/\/vinzroosso.com\/en\/\"},{\"@type\":\"ListItem\",\"position\":2,\"name\":\"Private party\"}]},{\"@type\":\"WebSite\",\"@id\":\"https:\/\/vinzroosso.com\/en\/#website\",\"url\":\"https:\/\/vinzroosso.com\/en\/\",\"name\":\"Vinz Roosso votre partenaire artistique & \u00e9v\u00e9nementiel\",\"description\":\"Precious moments to celebrate\",\"publisher\":{\"@id\":\"https:\/\/vinzroosso.com\/en\/#organization\"},\"potentialAction\":[{\"@type\":\"SearchAction\",\"target\":{\"@type\":\"EntryPoint\",\"urlTemplate\":\"https:\/\/vinzroosso.com\/en\/?s={search_term_string}\"},\"query-input\":{\"@type\":\"PropertyValueSpecification\",\"valueRequired\":true,\"valueName\":\"search_term_string\"}}],\"inLanguage\":\"en-US\"},{\"@type\":\"Organization\",\"@id\":\"https:\/\/vinzroosso.com\/en\/#organization\",\"name\":\"Vinz Roosso votre partenaire artistique & \u00e9v\u00e9nementiel\",\"url\":\"https:\/\/vinzroosso.com\/en\/\",\"logo\":{\"@type\":\"ImageObject\",\"inLanguage\":\"en-US\",\"@id\":\"https:\/\/vinzroosso.com\/en\/#\/schema\/logo\/image\/\",\"url\":\"https:\/\/vinzroosso.com\/app\/uploads\/2023\/09\/Logo-V_ROOSSO_or_naked.svg\",\"contentUrl\":\"https:\/\/vinzroosso.com\/app\/uploads\/2023\/09\/Logo-V_ROOSSO_or_naked.svg\",\"caption\":\"Vinz Roosso votre partenaire artistique & \u00e9v\u00e9nementiel\"},\"image\":{\"@id\":\"https:\/\/vinzroosso.com\/en\/#\/schema\/logo\/image\/\"},\"sameAs\":[\"https:\/\/www.facebook.com\/vinzroosso\/\",\"https:\/\/x.com\/Vinz_Roosso\",\"https:\/\/www.tiktok.com\/@vinzroosso\",\"https:\/\/www.instagram.com\/vinzroosso\/\",\"https:\/\/www.linkedin.com\/in\/vinz-roosso-18554215?trk=hp-identity-name\"]}]}<\/script>\n<!-- \/ Yoast SEO plugin. -->","yoast_head_json":{"title":"Votre Private party - Vinz Roosso votre agence artistique et \u00e9v\u00e9nementielle","description":"F\u00eatez votre anniversaire sans souci d'organisation et dans une ambiance musicale professionnelle, \u00e0 votre go\u00fbt avec DJ et organisateur exp\u00e9riment\u00e9.","robots":{"index":"index","follow":"follow","max-snippet":"max-snippet:-1","max-image-preview":"max-image-preview:large","max-video-preview":"max-video-preview:-1"},"canonical":"https:\/\/vinzroosso.com\/en\/private-party\/","og_locale":"en_US","og_type":"article","og_title":"Votre Private party - Vinz Roosso votre agence artistique et \u00e9v\u00e9nementielle","og_description":"F\u00eatez votre anniversaire sans souci d'organisation et dans une ambiance musicale professionnelle, \u00e0 votre go\u00fbt avec DJ et organisateur exp\u00e9riment\u00e9.","og_url":"https:\/\/vinzroosso.com\/en\/private-party\/","og_site_name":"Vinz Roosso votre agence artistique et \u00e9v\u00e9nementielle","article_publisher":"https:\/\/www.facebook.com\/vinzroosso\/","article_modified_time":"2024-12-23T09:06:26+00:00","og_image":[{"width":1920,"height":500,"url":"https:\/\/vinzroosso.com\/app\/uploads\/2024\/12\/viz_soiree_privee.jpg","type":"image\/jpeg"}],"twitter_card":"summary_large_image","twitter_site":"@Vinz_Roosso","twitter_misc":{"Est. reading time":"6 minutes"},"schema":{"@context":"https:\/\/schema.org","@graph":[{"@type":"WebPage","@id":"https:\/\/vinzroosso.com\/en\/private-party\/","url":"https:\/\/vinzroosso.com\/en\/private-party\/","name":"Votre Private party - Vinz Roosso votre agence artistique et \u00e9v\u00e9nementielle","isPartOf":{"@id":"https:\/\/vinzroosso.com\/en\/#website"},"primaryImageOfPage":{"@id":"https:\/\/vinzroosso.com\/en\/private-party\/#primaryimage"},"image":{"@id":"https:\/\/vinzroosso.com\/en\/private-party\/#primaryimage"},"thumbnailUrl":"https:\/\/vinzroosso.com\/app\/uploads\/2024\/12\/viz_soiree_privee.jpg","datePublished":"2019-10-29T09:44:02+00:00","dateModified":"2024-12-23T09:06:26+00:00","description":"F\u00eatez votre anniversaire sans souci d'organisation et dans une ambiance musicale professionnelle, \u00e0 votre go\u00fbt avec DJ et organisateur exp\u00e9riment\u00e9.","breadcrumb":{"@id":"https:\/\/vinzroosso.com\/en\/private-party\/#breadcrumb"},"inLanguage":"en-US","potentialAction":[{"@type":"ReadAction","target":["https:\/\/vinzroosso.com\/en\/private-party\/"]}]},{"@type":"ImageObject","inLanguage":"en-US","@id":"https:\/\/vinzroosso.com\/en\/private-party\/#primaryimage","url":"https:\/\/vinzroosso.com\/app\/uploads\/2024\/12\/viz_soiree_privee.jpg","contentUrl":"https:\/\/vinzroosso.com\/app\/uploads\/2024\/12\/viz_soiree_privee.jpg","width":1920,"height":500},{"@type":"BreadcrumbList","@id":"https:\/\/vinzroosso.com\/en\/private-party\/#breadcrumb","itemListElement":[{"@type":"ListItem","position":1,"name":"Accueil","item":"https:\/\/vinzroosso.com\/en\/"},{"@type":"ListItem","position":2,"name":"Private party"}]},{"@type":"WebSite","@id":"https:\/\/vinzroosso.com\/en\/#website","url":"https:\/\/vinzroosso.com\/en\/","name":"Vinz Roosso votre partenaire artistique & \u00e9v\u00e9nementiel","description":"Precious moments to celebrate","publisher":{"@id":"https:\/\/vinzroosso.com\/en\/#organization"},"potentialAction":[{"@type":"SearchAction","target":{"@type":"EntryPoint","urlTemplate":"https:\/\/vinzroosso.com\/en\/?s={search_term_string}"},"query-input":{"@type":"PropertyValueSpecification","valueRequired":true,"valueName":"search_term_string"}}],"inLanguage":"en-US"},{"@type":"Organization","@id":"https:\/\/vinzroosso.com\/en\/#organization","name":"Vinz Roosso votre partenaire artistique & \u00e9v\u00e9nementiel","url":"https:\/\/vinzroosso.com\/en\/","logo":{"@type":"ImageObject","inLanguage":"en-US","@id":"https:\/\/vinzroosso.com\/en\/#\/schema\/logo\/image\/","url":"https:\/\/vinzroosso.com\/app\/uploads\/2023\/09\/Logo-V_ROOSSO_or_naked.svg","contentUrl":"https:\/\/vinzroosso.com\/app\/uploads\/2023\/09\/Logo-V_ROOSSO_or_naked.svg","caption":"Vinz Roosso votre partenaire artistique & \u00e9v\u00e9nementiel"},"image":{"@id":"https:\/\/vinzroosso.com\/en\/#\/schema\/logo\/image\/"},"sameAs":["https:\/\/www.facebook.com\/vinzroosso\/","https:\/\/x.com\/Vinz_Roosso","https:\/\/www.tiktok.com\/@vinzroosso","https:\/\/www.instagram.com\/vinzroosso\/","https:\/\/www.linkedin.com\/in\/vinz-roosso-18554215?trk=hp-identity-name"]}]}},"jetpack_sharing_enabled":true,"_links":{"self":[{"href":"https:\/\/vinzroosso.com\/en\/wp-json\/wp\/v2\/pages\/1028","targetHints":{"allow":["GET"]}}],"collection":[{"href":"https:\/\/vinzroosso.com\/en\/wp-json\/wp\/v2\/pages"}],"about":[{"href":"https:\/\/vinzroosso.com\/en\/wp-json\/wp\/v2\/types\/page"}],"author":[{"embeddable":true,"href":"https:\/\/vinzroosso.com\/en\/wp-json\/wp\/v2\/users\/1"}],"replies":[{"embeddable":true,"href":"https:\/\/vinzroosso.com\/en\/wp-json\/wp\/v2\/comments?post=1028"}],"version-history":[{"count":11,"href":"https:\/\/vinzroosso.com\/en\/wp-json\/wp\/v2\/pages\/1028\/revisions"}],"predecessor-version":[{"id":2809,"href":"https:\/\/vinzroosso.com\/en\/wp-json\/wp\/v2\/pages\/1028\/revisions\/2809"}],"wp:featuredmedia":[{"embeddable":true,"href":"https:\/\/vinzroosso.com\/en\/wp-json\/wp\/v2\/media\/2799"}],"wp:attachment":[{"href":"https:\/\/vinzroosso.com\/en\/wp-json\/wp\/v2\/media?parent=1028"}],"curies":[{"name":"wp","href":"https:\/\/api.w.org\/{rel}","templated":true}]}}