{"id":1024,"date":"2018-07-20T10:19:19","date_gmt":"2018-07-20T10:19:19","guid":{"rendered":"https:\/\/viz.app\/a-propos\/"},"modified":"2022-05-17T22:29:29","modified_gmt":"2022-05-17T20:29:29","slug":"about","status":"publish","type":"page","link":"https:\/\/vinzroosso.com\/en\/about\/","title":{"rendered":"About"},"content":{"rendered":"\n\n\t<h1>\n\t\t\t\tVinz Roosso\n\t\t\t<\/h1>\n\t<h4>Vinz Roosso est n\u00e9 \u00e0 L&#8217;Ile Maurice o\u00f9 il a d\u00e9velopp\u00e9 sa passion pour la musique depuis son adolescence.<\/h4>\n\t<p>En 2002, Vinz Roosso est engag\u00e9 au Sofitel Imp\u00e9rial Ile Maurice comme animateur loisirs et chanteur. Ayant des dispositions de leader, il est pris dans le programme de formation en h\u00f4tellerie avec le groupe Accor et par la suite poursuit des \u00e9tudes en gestion touristique et loisirs.<\/p>\n<p>En 2009, Vinz Roosso est promu Directeur tourisme et loisirs au Sofitel Luxury Hotels Mauritius. Pendant son temps pass\u00e9 au Sofitel Imp\u00e9rial, il collabore avec plusieurs organisations mondialement connues, telles que Christian Dior, Miss France, Bollywood Awards, et chante sur la sc\u00e8ne pour la finale de Miss Mauritius en 2011. Il voyage aussi \u00e0 travers le monde pour animer et organiser des \u00e9v\u00e9nements, tels des Beach Party, des ouvertures d&#8217;h\u00f4tels ou encore sur les bateaux de croisi\u00e8re.<\/p>\n<p>En 2012, Vinz Roosso s&#8217;installe en Suisse. Pour se perfectionner, il se lance dans la production de musique et am\u00e9liore ses techniques de mix \u00e0 la Swiss DJ School. Il cr\u00e9e un concept mobile Live Music et DJ, et lance son projet comme ind\u00e9pendant. Ses connaissances en mati\u00e8re de sonorisation et lumi\u00e8re lui permettent de travailler comme technicien de sc\u00e8ne au Th\u00e9\u00e2tre de Beausobre, \u00e0 Morges, et dans plusieurs festivals en Suisse.<\/p>\n\t<h3><em>Install\u00e9 en Suisse depuis 2012, Vinz Roosso et son \u00e9quipe vous propose ses talents et son exp\u00e9rience de chanteur, musicien et animateur pour que vos \u00e9v\u00e8nements se d\u00e9roulent \u00e0 la perfection.<\/em><\/h3>\n\t\t\t\t<img loading=\"lazy\" decoding=\"async\" src=\"https:\/\/vinzroosso.com\/app\/uploads\/2019\/12\/Vinz-Roosso-profil.png\" alt=\"Vinz-Roosso-profil\" itemprop=\"image\" height=\"853\" width=\"657\" title=\"Vinz-Roosso-profil\" onerror=\"this.style.display='none'\"  \/>\n\t<p>En 2015, Vinz Roosso perfectionne ses talents de chant et se retrouve finaliste au concours de Voice Star Suisse romande.<\/p>\n<p>En 2016, Vinz Roooso collabore avec plusieurs agences artistiques et d\u00e9veloppe des partenariats avec plusieurs marques et lieux d&#8217;\u00e9v\u00e9nement en Suisse.<\/p>\n<p>En 2018, Vinz Roosso cr\u00e9e l&#8217;agence \u00ab\u00a0Vinz Roosso Entertainment S\u00e0rl\u00a0\u00bb. Il propose une palette artistique afin de satisfaire la demande de tous ses clients.<\/p>\n<p>D\u00e8s 2020, Vinz Roosso propose le concept \u00ab\u00a0Total Event\u00a0\u00bb !! Un service complet pour l&#8217;organisation de vos \u00e9v\u00e9nements avec ses talentueux partenaires.<\/p>\n<p><em>Vinz Roosso<\/em><\/p>\n\t<h3>\n\t\t\t\tIls nous font confiance\n\t\t\t<\/h3>\n\t\t\t<p>Voici quelques unes de nos r\u00e9f\u00e9rences<\/p>\t\n                    <a href=\"https:\/\/www.royalplaza.ch\/\" target=\"_blank\" rel=\"nofollow noopener\">\n\t\t\t\t\t\t\t<img decoding=\"async\" src=\"https:\/\/vinzroosso.com\/app\/uploads\/2020\/02\/Logo-RP-noir-300x71.png\" alt=\"Royal plaza\" data-no-lazy=\"1\" \/>\n                            \n                                Royal plaza                            \n                            <\/a>\n                    <a href=\"https:\/\/portesdesiris.ch\/\" target=\"_blank\" rel=\"nofollow noopener\">\n\t\t\t\t\t\t\t<img decoding=\"async\" src=\"https:\/\/vinzroosso.com\/app\/uploads\/2020\/02\/logo-portes-des-iris-300x69.png\" alt=\"Portes des iris\" data-no-lazy=\"1\" \/>\n                            \n                                Portes des iris                            \n                            <\/a>\n                    <a href=\"https:\/\/www.enviesdeco.ch\" target=\"_blank\" rel=\"nofollow noopener\">\n\t\t\t\t\t\t\t<img decoding=\"async\" src=\"https:\/\/vinzroosso.com\/app\/uploads\/2020\/05\/Envies-D\u00e9co-logo_Noir-1.png\" alt=\"Envies Deco\" data-no-lazy=\"1\" \/>\n                            \n                                Envies Deco                            \n                            <\/a>\n                    <a href=\"https:\/\/www.serenitas.ch\/\" target=\"_blank\" rel=\"nofollow noopener\">\n\t\t\t\t\t\t\t<img decoding=\"async\" src=\"https:\/\/vinzroosso.com\/app\/uploads\/2020\/02\/serenitas-logo-colors-300x100.png\" alt=\"serenitas\" data-no-lazy=\"1\" \/>\n                            \n                                serenitas                            \n                            <\/a>\n                    <a href=\"https:\/\/www.eurotel-montreux.ch\/\" target=\"_blank\" rel=\"nofollow noopener\">\n\t\t\t\t\t\t\t<img decoding=\"async\" src=\"https:\/\/vinzroosso.com\/app\/uploads\/2020\/02\/logo_eurotel_2019-300x165.png\" alt=\"Eurotel Montreux\" data-no-lazy=\"1\" \/>\n                            \n                                Eurotel Montreux                            \n                            <\/a>\n                    <a href=\"https:\/\/starling-hotel-lausanne.com\/\" target=\"_blank\" rel=\"nofollow noopener\">\n\t\t\t\t\t\t\t<img decoding=\"async\" src=\"https:\/\/vinzroosso.com\/app\/uploads\/2020\/02\/logo-officiel-starling.png\" alt=\"Starling\" data-no-lazy=\"1\" \/>\n                            \n                                Starling                            \n                            <\/a>\n                    <a href=\"https:\/\/labarcarolle.ch\/fr\/accueil\/\" target=\"_blank\" rel=\"nofollow noopener\">\n\t\t\t\t\t\t\t<img decoding=\"async\" src=\"https:\/\/vinzroosso.com\/app\/uploads\/2020\/02\/logo_6aee8c99a818e6555e058d4ec8f875a1_1x.png\" alt=\"La barcarolle\" data-no-lazy=\"1\" \/>\n                            \n                                La barcarolle                            \n                            <\/a>\n                    <a href=\"https:\/\/www.la-lagune.net\/restaurant-cheyres\" target=\"_blank\" rel=\"nofollow noopener\">\n\t\t\t\t\t\t\t<img decoding=\"async\" src=\"https:\/\/vinzroosso.com\/app\/uploads\/2020\/02\/logo-la-lagune-couleur-300x141.png\" alt=\"La laguen\" data-no-lazy=\"1\" \/>\n                            \n                                La laguen                            \n                            <\/a>\n                    <a href=\"https:\/\/www.bainsyverdon.ch\/\" target=\"_blank\" rel=\"nofollow noopener\">\n\t\t\t\t\t\t\t<img decoding=\"async\" src=\"https:\/\/vinzroosso.com\/app\/uploads\/2020\/02\/logo-bains-yverdon.png\" alt=\"Bains d'Yverdon\" data-no-lazy=\"1\" \/>\n                            \n                                Bains d&#8217;Yverdon                            \n                            <\/a>\n                    <a href=\"https:\/\/www.mariage.ch\/\" target=\"_blank\" rel=\"nofollow noopener\">\n\t\t\t\t\t\t\t<img decoding=\"async\" src=\"https:\/\/vinzroosso.com\/app\/uploads\/2020\/02\/logo_mariage.png\" alt=\"mariage .ch\" data-no-lazy=\"1\" \/>\n                            \n                                mariage .ch                            \n                            <\/a>\n                    <a href=\"https:\/\/www.ceremoniae.ch\/\" target=\"_blank\" rel=\"nofollow noopener\">\n\t\t\t\t\t\t\t<img decoding=\"async\" src=\"https:\/\/vinzroosso.com\/app\/uploads\/2020\/02\/ceremoniae.png\" alt=\"ceremoniae\" data-no-lazy=\"1\" \/>\n                            \n                                ceremoniae                            \n                            <\/a>\n                    <a href=\"https:\/\/www.manor.ch\/fr\/store-finder\/store\/YVE\" target=\"_blank\" rel=\"nofollow noopener\">\n\t\t\t\t\t\t\t<img decoding=\"async\" src=\"https:\/\/vinzroosso.com\/app\/uploads\/2020\/02\/logo-manor-300x53.png\" alt=\"Manor\" data-no-lazy=\"1\" \/>\n                            \n                                Manor                            \n                            <\/a>\n                    <a href=\"https:\/\/www.bni.swiss\/fr\/meet-bni\/Talent\" target=\"_blank\" rel=\"nofollow noopener\">\n\t\t\t\t\t\t\t<img decoding=\"async\" src=\"https:\/\/vinzroosso.com\/app\/uploads\/2020\/02\/logo-BNI.jpg\" alt=\"BNI\" data-no-lazy=\"1\" \/>\n                            \n                                BNI                            \n                            <\/a>\n                    <a href=\"https:\/\/aupistyle.ch\" target=\"_blank\" rel=\"nofollow noopener\">\n\t\t\t\t\t\t\t<img decoding=\"async\" src=\"https:\/\/vinzroosso.com\/app\/uploads\/2020\/04\/logo-pistil-1.jpg\" alt=\"Au Pistyle\" data-no-lazy=\"1\" \/>\n                            \n                                Au Pistyle                            \n                            <\/a>\n                    <a href=\"https:\/\/espacepellets.ch\" target=\"_blank\" rel=\"nofollow noopener\">\n\t\t\t\t\t\t\t<img decoding=\"async\" src=\"https:\/\/vinzroosso.com\/app\/uploads\/2020\/07\/ESpace-Pellets.png\" alt=\"Espace Pellets\" data-no-lazy=\"1\" \/>\n                            \n                                Espace Pellets                            \n                            <\/a>\n                    <a href=\"https:\/\/www.rituelsbeaute.ch\" target=\"_blank\" rel=\"nofollow noopener\">\n\t\t\t\t\t\t\t<img decoding=\"async\" src=\"https:\/\/vinzroosso.com\/app\/uploads\/2021\/02\/Rituels-Beaute-logo-officiel-noir.png\" alt=\"Rituels Beaut\u00e9\" data-no-lazy=\"1\" \/>\n                            \n                                Rituels Beaut\u00e9                            \n                            <\/a>\n                    <a href=\"https:\/\/grandmalagny.com\" target=\"_blank\" rel=\"nofollow noopener\">\n\t\t\t\t\t\t\t<img decoding=\"async\" src=\"https:\/\/vinzroosso.com\/app\/uploads\/2021\/09\/Logo-GM-LONG.png\" alt=\"https:\/\/vinzroosso.com\/app\/uploads\/2021\/09\/Logo-GM-LONG.png\" data-no-lazy=\"1\" \/>\n                            <\/a>\n\n","protected":false},"excerpt":{"rendered":"<p>Vinz Roosso Vinz Roosso est n\u00e9 \u00e0 L&#8217;Ile Maurice o\u00f9 il a d\u00e9velopp\u00e9 sa passion pour la musique depuis son adolescence. En 2002, Vinz Roosso est engag\u00e9 au Sofitel Imp\u00e9rial Ile Maurice comme animateur loisirs et chanteur. Ayant des dispositions de leader, il est pris dans le programme de formation en h\u00f4tellerie avec le groupe &hellip;<\/p>\n<p class=\"read-more\"> <a class=\"\" href=\"https:\/\/vinzroosso.com\/en\/about\/\"> <span class=\"screen-reader-text\">About<\/span> Read More &raquo;<\/a><\/p>\n","protected":false},"author":1,"featured_media":0,"parent":0,"menu_order":0,"comment_status":"closed","ping_status":"closed","template":"","meta":{"_acf_changed":false,"inline_featured_image":false,"site-sidebar-layout":"no-sidebar","site-content-layout":"page-builder","ast-site-content-layout":"","site-content-style":"default","site-sidebar-style":"default","ast-global-header-display":"","ast-banner-title-visibility":"","ast-main-header-display":"","ast-hfb-above-header-display":"","ast-hfb-below-header-display":"","ast-hfb-mobile-header-display":"","site-post-title":"disabled","ast-breadcrumbs-content":"","ast-featured-img":"disabled","footer-sml-layout":"","theme-transparent-header-meta":"enabled","adv-header-id-meta":"","stick-header-meta":"default","header-above-stick-meta":"","header-main-stick-meta":"","header-below-stick-meta":"","astra-migrate-meta-layouts":"","ast-page-background-enabled":"default","ast-page-background-meta":{"desktop":{"background-color":"","background-image":"","background-repeat":"repeat","background-position":"center center","background-size":"auto","background-attachment":"scroll","background-type":"","background-media":"","overlay-type":"","overlay-color":"","overlay-gradient":""},"tablet":{"background-color":"","background-image":"","background-repeat":"repeat","background-position":"center center","background-size":"auto","background-attachment":"scroll","background-type":"","background-media":"","overlay-type":"","overlay-color":"","overlay-gradient":""},"mobile":{"background-color":"","background-image":"","background-repeat":"repeat","background-position":"center center","background-size":"auto","background-attachment":"scroll","background-type":"","background-media":"","overlay-type":"","overlay-color":"","overlay-gradient":""}},"ast-content-background-meta":{"desktop":{"background-color":"var(--ast-global-color-5)","background-image":"","background-repeat":"repeat","background-position":"center center","background-size":"auto","background-attachment":"scroll","background-type":"","background-media":"","overlay-type":"","overlay-color":"","overlay-gradient":""},"tablet":{"background-color":"var(--ast-global-color-5)","background-image":"","background-repeat":"repeat","background-position":"center center","background-size":"auto","background-attachment":"scroll","background-type":"","background-media":"","overlay-type":"","overlay-color":"","overlay-gradient":""},"mobile":{"background-color":"var(--ast-global-color-5)","background-image":"","background-repeat":"repeat","background-position":"center center","background-size":"auto","background-attachment":"scroll","background-type":"","background-media":"","overlay-type":"","overlay-color":"","overlay-gradient":""}},"footnotes":""},"class_list":["post-1024","page","type-page","status-publish","hentry"],"acf":[],"yoast_head":"<!-- This site is optimized with the Yoast SEO plugin v27.1.1 - https:\/\/yoast.com\/product\/yoast-seo-wordpress\/ -->\n<title>About - Vinz Roosso votre agence artistique et \u00e9v\u00e9nementielle<\/title>\n<meta name=\"description\" content=\"Vinz Roosso et son \u00e9quipe vous propose ses talents et son exp\u00e9rience de chanteur, musicien et animateur pour que vos \u00e9v\u00e8nements soient parfait.\" \/>\n<meta name=\"robots\" content=\"index, follow, max-snippet:-1, max-image-preview:large, max-video-preview:-1\" \/>\n<link rel=\"canonical\" href=\"https:\/\/vinzroosso.com\/en\/about\/\" \/>\n<meta property=\"og:locale\" content=\"en_US\" \/>\n<meta property=\"og:type\" content=\"article\" \/>\n<meta property=\"og:title\" content=\"About - Vinz Roosso votre agence artistique et \u00e9v\u00e9nementielle\" \/>\n<meta property=\"og:description\" content=\"Vinz Roosso et son \u00e9quipe vous propose ses talents et son exp\u00e9rience de chanteur, musicien et animateur pour que vos \u00e9v\u00e8nements soient parfait.\" \/>\n<meta property=\"og:url\" content=\"https:\/\/vinzroosso.com\/en\/about\/\" \/>\n<meta property=\"og:site_name\" content=\"Vinz Roosso votre agence artistique et \u00e9v\u00e9nementielle\" \/>\n<meta property=\"article:publisher\" content=\"https:\/\/www.facebook.com\/vinzroosso\/\" \/>\n<meta property=\"article:modified_time\" content=\"2022-05-17T20:29:29+00:00\" \/>\n<meta property=\"og:image\" content=\"https:\/\/vinzroosso.com\/app\/uploads\/2019\/12\/Vinz-Roosso-profil.png\" \/>\n<meta name=\"twitter:card\" content=\"summary_large_image\" \/>\n<meta name=\"twitter:site\" content=\"@Vinz_Roosso\" \/>\n<meta name=\"twitter:label1\" content=\"Est. reading time\" \/>\n\t<meta name=\"twitter:data1\" content=\"2 minutes\" \/>\n<script type=\"application\/ld+json\" class=\"yoast-schema-graph\">{\"@context\":\"https:\/\/schema.org\",\"@graph\":[{\"@type\":\"WebPage\",\"@id\":\"https:\/\/vinzroosso.com\/en\/about\/\",\"url\":\"https:\/\/vinzroosso.com\/en\/about\/\",\"name\":\"About - Vinz Roosso votre agence artistique et \u00e9v\u00e9nementielle\",\"isPartOf\":{\"@id\":\"https:\/\/vinzroosso.com\/en\/#website\"},\"primaryImageOfPage\":{\"@id\":\"https:\/\/vinzroosso.com\/en\/about\/#primaryimage\"},\"image\":{\"@id\":\"https:\/\/vinzroosso.com\/en\/about\/#primaryimage\"},\"thumbnailUrl\":\"https:\/\/vinzroosso.com\/app\/uploads\/2019\/12\/Vinz-Roosso-profil.png\",\"datePublished\":\"2018-07-20T10:19:19+00:00\",\"dateModified\":\"2022-05-17T20:29:29+00:00\",\"description\":\"Vinz Roosso et son \u00e9quipe vous propose ses talents et son exp\u00e9rience de chanteur, musicien et animateur pour que vos \u00e9v\u00e8nements soient parfait.\",\"breadcrumb\":{\"@id\":\"https:\/\/vinzroosso.com\/en\/about\/#breadcrumb\"},\"inLanguage\":\"en-US\",\"potentialAction\":[{\"@type\":\"ReadAction\",\"target\":[\"https:\/\/vinzroosso.com\/en\/about\/\"]}]},{\"@type\":\"ImageObject\",\"inLanguage\":\"en-US\",\"@id\":\"https:\/\/vinzroosso.com\/en\/about\/#primaryimage\",\"url\":\"https:\/\/vinzroosso.com\/app\/uploads\/2019\/12\/Vinz-Roosso-profil.png\",\"contentUrl\":\"https:\/\/vinzroosso.com\/app\/uploads\/2019\/12\/Vinz-Roosso-profil.png\"},{\"@type\":\"BreadcrumbList\",\"@id\":\"https:\/\/vinzroosso.com\/en\/about\/#breadcrumb\",\"itemListElement\":[{\"@type\":\"ListItem\",\"position\":1,\"name\":\"Accueil\",\"item\":\"https:\/\/vinzroosso.com\/en\/\"},{\"@type\":\"ListItem\",\"position\":2,\"name\":\"About\"}]},{\"@type\":\"WebSite\",\"@id\":\"https:\/\/vinzroosso.com\/en\/#website\",\"url\":\"https:\/\/vinzroosso.com\/en\/\",\"name\":\"Vinz Roosso votre partenaire artistique & \u00e9v\u00e9nementiel\",\"description\":\"Precious moments to celebrate\",\"publisher\":{\"@id\":\"https:\/\/vinzroosso.com\/en\/#organization\"},\"potentialAction\":[{\"@type\":\"SearchAction\",\"target\":{\"@type\":\"EntryPoint\",\"urlTemplate\":\"https:\/\/vinzroosso.com\/en\/?s={search_term_string}\"},\"query-input\":{\"@type\":\"PropertyValueSpecification\",\"valueRequired\":true,\"valueName\":\"search_term_string\"}}],\"inLanguage\":\"en-US\"},{\"@type\":\"Organization\",\"@id\":\"https:\/\/vinzroosso.com\/en\/#organization\",\"name\":\"Vinz Roosso votre partenaire artistique & \u00e9v\u00e9nementiel\",\"url\":\"https:\/\/vinzroosso.com\/en\/\",\"logo\":{\"@type\":\"ImageObject\",\"inLanguage\":\"en-US\",\"@id\":\"https:\/\/vinzroosso.com\/en\/#\/schema\/logo\/image\/\",\"url\":\"https:\/\/vinzroosso.com\/app\/uploads\/2023\/09\/Logo-V_ROOSSO_or_naked.svg\",\"contentUrl\":\"https:\/\/vinzroosso.com\/app\/uploads\/2023\/09\/Logo-V_ROOSSO_or_naked.svg\",\"caption\":\"Vinz Roosso votre partenaire artistique & \u00e9v\u00e9nementiel\"},\"image\":{\"@id\":\"https:\/\/vinzroosso.com\/en\/#\/schema\/logo\/image\/\"},\"sameAs\":[\"https:\/\/www.facebook.com\/vinzroosso\/\",\"https:\/\/x.com\/Vinz_Roosso\",\"https:\/\/www.tiktok.com\/@vinzroosso\",\"https:\/\/www.instagram.com\/vinzroosso\/\",\"https:\/\/www.linkedin.com\/in\/vinz-roosso-18554215?trk=hp-identity-name\"]}]}<\/script>\n<!-- \/ Yoast SEO plugin. -->","yoast_head_json":{"title":"About - Vinz Roosso votre agence artistique et \u00e9v\u00e9nementielle","description":"Vinz Roosso et son \u00e9quipe vous propose ses talents et son exp\u00e9rience de chanteur, musicien et animateur pour que vos \u00e9v\u00e8nements soient parfait.","robots":{"index":"index","follow":"follow","max-snippet":"max-snippet:-1","max-image-preview":"max-image-preview:large","max-video-preview":"max-video-preview:-1"},"canonical":"https:\/\/vinzroosso.com\/en\/about\/","og_locale":"en_US","og_type":"article","og_title":"About - Vinz Roosso votre agence artistique et \u00e9v\u00e9nementielle","og_description":"Vinz Roosso et son \u00e9quipe vous propose ses talents et son exp\u00e9rience de chanteur, musicien et animateur pour que vos \u00e9v\u00e8nements soient parfait.","og_url":"https:\/\/vinzroosso.com\/en\/about\/","og_site_name":"Vinz Roosso votre agence artistique et \u00e9v\u00e9nementielle","article_publisher":"https:\/\/www.facebook.com\/vinzroosso\/","article_modified_time":"2022-05-17T20:29:29+00:00","og_image":[{"url":"https:\/\/vinzroosso.com\/app\/uploads\/2019\/12\/Vinz-Roosso-profil.png","type":"","width":"","height":""}],"twitter_card":"summary_large_image","twitter_site":"@Vinz_Roosso","twitter_misc":{"Est. reading time":"2 minutes"},"schema":{"@context":"https:\/\/schema.org","@graph":[{"@type":"WebPage","@id":"https:\/\/vinzroosso.com\/en\/about\/","url":"https:\/\/vinzroosso.com\/en\/about\/","name":"About - Vinz Roosso votre agence artistique et \u00e9v\u00e9nementielle","isPartOf":{"@id":"https:\/\/vinzroosso.com\/en\/#website"},"primaryImageOfPage":{"@id":"https:\/\/vinzroosso.com\/en\/about\/#primaryimage"},"image":{"@id":"https:\/\/vinzroosso.com\/en\/about\/#primaryimage"},"thumbnailUrl":"https:\/\/vinzroosso.com\/app\/uploads\/2019\/12\/Vinz-Roosso-profil.png","datePublished":"2018-07-20T10:19:19+00:00","dateModified":"2022-05-17T20:29:29+00:00","description":"Vinz Roosso et son \u00e9quipe vous propose ses talents et son exp\u00e9rience de chanteur, musicien et animateur pour que vos \u00e9v\u00e8nements soient parfait.","breadcrumb":{"@id":"https:\/\/vinzroosso.com\/en\/about\/#breadcrumb"},"inLanguage":"en-US","potentialAction":[{"@type":"ReadAction","target":["https:\/\/vinzroosso.com\/en\/about\/"]}]},{"@type":"ImageObject","inLanguage":"en-US","@id":"https:\/\/vinzroosso.com\/en\/about\/#primaryimage","url":"https:\/\/vinzroosso.com\/app\/uploads\/2019\/12\/Vinz-Roosso-profil.png","contentUrl":"https:\/\/vinzroosso.com\/app\/uploads\/2019\/12\/Vinz-Roosso-profil.png"},{"@type":"BreadcrumbList","@id":"https:\/\/vinzroosso.com\/en\/about\/#breadcrumb","itemListElement":[{"@type":"ListItem","position":1,"name":"Accueil","item":"https:\/\/vinzroosso.com\/en\/"},{"@type":"ListItem","position":2,"name":"About"}]},{"@type":"WebSite","@id":"https:\/\/vinzroosso.com\/en\/#website","url":"https:\/\/vinzroosso.com\/en\/","name":"Vinz Roosso votre partenaire artistique & \u00e9v\u00e9nementiel","description":"Precious moments to celebrate","publisher":{"@id":"https:\/\/vinzroosso.com\/en\/#organization"},"potentialAction":[{"@type":"SearchAction","target":{"@type":"EntryPoint","urlTemplate":"https:\/\/vinzroosso.com\/en\/?s={search_term_string}"},"query-input":{"@type":"PropertyValueSpecification","valueRequired":true,"valueName":"search_term_string"}}],"inLanguage":"en-US"},{"@type":"Organization","@id":"https:\/\/vinzroosso.com\/en\/#organization","name":"Vinz Roosso votre partenaire artistique & \u00e9v\u00e9nementiel","url":"https:\/\/vinzroosso.com\/en\/","logo":{"@type":"ImageObject","inLanguage":"en-US","@id":"https:\/\/vinzroosso.com\/en\/#\/schema\/logo\/image\/","url":"https:\/\/vinzroosso.com\/app\/uploads\/2023\/09\/Logo-V_ROOSSO_or_naked.svg","contentUrl":"https:\/\/vinzroosso.com\/app\/uploads\/2023\/09\/Logo-V_ROOSSO_or_naked.svg","caption":"Vinz Roosso votre partenaire artistique & \u00e9v\u00e9nementiel"},"image":{"@id":"https:\/\/vinzroosso.com\/en\/#\/schema\/logo\/image\/"},"sameAs":["https:\/\/www.facebook.com\/vinzroosso\/","https:\/\/x.com\/Vinz_Roosso","https:\/\/www.tiktok.com\/@vinzroosso","https:\/\/www.instagram.com\/vinzroosso\/","https:\/\/www.linkedin.com\/in\/vinz-roosso-18554215?trk=hp-identity-name"]}]}},"jetpack_sharing_enabled":true,"_links":{"self":[{"href":"https:\/\/vinzroosso.com\/en\/wp-json\/wp\/v2\/pages\/1024","targetHints":{"allow":["GET"]}}],"collection":[{"href":"https:\/\/vinzroosso.com\/en\/wp-json\/wp\/v2\/pages"}],"about":[{"href":"https:\/\/vinzroosso.com\/en\/wp-json\/wp\/v2\/types\/page"}],"author":[{"embeddable":true,"href":"https:\/\/vinzroosso.com\/en\/wp-json\/wp\/v2\/users\/1"}],"replies":[{"embeddable":true,"href":"https:\/\/vinzroosso.com\/en\/wp-json\/wp\/v2\/comments?post=1024"}],"version-history":[{"count":5,"href":"https:\/\/vinzroosso.com\/en\/wp-json\/wp\/v2\/pages\/1024\/revisions"}],"predecessor-version":[{"id":1620,"href":"https:\/\/vinzroosso.com\/en\/wp-json\/wp\/v2\/pages\/1024\/revisions\/1620"}],"wp:attachment":[{"href":"https:\/\/vinzroosso.com\/en\/wp-json\/wp\/v2\/media?parent=1024"}],"curies":[{"name":"wp","href":"https:\/\/api.w.org\/{rel}","templated":true}]}}